{"id":15056,"date":"2025-03-06T13:02:44","date_gmt":"2025-03-06T13:02:44","guid":{"rendered":"https:\/\/islashormigas.com\/?post_type=product&#038;p=15056"},"modified":"2025-03-06T13:03:48","modified_gmt":"2025-03-06T13:03:48","slug":"gue-cave-diver-1","status":"publish","type":"product","link":"https:\/\/islashormigas.com\/pl\/curso\/gue-cave-diver-1\/","title":{"rendered":"GUE CAVE DIVER 1"},"content":{"rendered":"<p>El curso <strong>GUE Cave 1<\/strong> es una introducci\u00f3n a los principios del buceo en cuevas y las habilidades y conocimientos necesarios para una penetraci\u00f3n limitada en cuevas submarinas. Este curso proporciona a los buceadores una comprensi\u00f3n completa del entorno de la cueva, enfocado en una gesti\u00f3n segura de gases.<\/p>\n<p>Los buceadores de cuevas potenciar\u00e1n sus habilidades para un buceo sin fuentes de luz natural, espacios cerrados, la necesidad de regresar a la entrada de la cueva para terminar la inmersi\u00f3n, y la autodisciplina para seguir una l\u00ednea y navegar por la cueva correctamente.<\/p>\n<p><strong>Requisitos:<\/strong><\/p>\n<ul>\n<li>Edad m\u00ednima de 18 a\u00f1os<\/li>\n<li>Estar en forma f\u00edsica y mentalmente<\/li>\n<li>No ser fumador<\/li>\n<li>Autorizaci\u00f3n m\u00e9dica en caso de tomar medicamentos recetados<\/li>\n<li>Poseer certificaci\u00f3n t\u00e9cnica de GUE Fundamentals<\/li>\n<li>M\u00ednimo de 100 inmersiones registradas<\/li>\n<\/ul>\n<p><strong>Formaci\u00f3n:<\/strong><\/p>\n<ul>\n<li>M\u00ednimo de 12 inmersiones (incluye 10 inmersiones en 3 cuevas diferentes)<\/li>\n<li>M\u00ednimo de 40 horas de instrucci\u00f3n.<\/li>\n<\/ul>\n<p><strong>Duraci\u00f3n:<\/strong> 6 d\u00edas<\/p>\n<p><strong>Precio:<\/strong> Consultar<\/p>\n","protected":false},"excerpt":{"rendered":"<p>El curso GUE Cave 1 es una introducci\u00f3n a los principios del buceo en cuevas y las habilidades y conocimientos necesarios para una penetraci\u00f3n limitada en cuevas submarinas. Este curso proporciona a los buceadores una comprensi\u00f3n completa del entorno de la cueva, enfocado en una gesti\u00f3n segura de gases. Los buceadores de cuevas potenciar\u00e1n sus&#8230;<\/p>\n","protected":false},"featured_media":15058,"comment_status":"closed","ping_status":"closed","template":"","meta":[],"product_cat":[107],"product_tag":[],"yst_prominent_words":[498,401,524,407],"_links":{"self":[{"href":"https:\/\/islashormigas.com\/pl\/wp-json\/wp\/v2\/product\/15056"}],"collection":[{"href":"https:\/\/islashormigas.com\/pl\/wp-json\/wp\/v2\/product"}],"about":[{"href":"https:\/\/islashormigas.com\/pl\/wp-json\/wp\/v2\/types\/product"}],"replies":[{"embeddable":true,"href":"https:\/\/islashormigas.com\/pl\/wp-json\/wp\/v2\/comments?post=15056"}],"wp:featuredmedia":[{"embeddable":true,"href":"https:\/\/islashormigas.com\/pl\/wp-json\/wp\/v2\/media\/15058"}],"wp:attachment":[{"href":"https:\/\/islashormigas.com\/pl\/wp-json\/wp\/v2\/media?parent=15056"}],"wp:term":[{"taxonomy":"product_cat","embeddable":true,"href":"https:\/\/islashormigas.com\/pl\/wp-json\/wp\/v2\/product_cat?post=15056"},{"taxonomy":"product_tag","embeddable":true,"href":"https:\/\/islashormigas.com\/pl\/wp-json\/wp\/v2\/product_tag?post=15056"},{"taxonomy":"yst_prominent_words","embeddable":true,"href":"https:\/\/islashormigas.com\/pl\/wp-json\/wp\/v2\/yst_prominent_words?post=15056"}],"curies":[{"name":"wp","href":"https:\/\/api.w.org\/{rel}","templated":true}]}}