{"id":15054,"date":"2025-03-06T13:01:16","date_gmt":"2025-03-06T13:01:16","guid":{"rendered":"https:\/\/islashormigas.com\/?post_type=product&#038;p=15054"},"modified":"2025-03-06T13:01:44","modified_gmt":"2025-03-06T13:01:44","slug":"gue-documentation-diver","status":"publish","type":"product","link":"https:\/\/islashormigas.com\/pl\/curso\/gue-documentation-diver\/","title":{"rendered":"GUE DOCUMENTATION DIVER"},"content":{"rendered":"<p>El objetivo fundamental del curso <strong>GUE Documentation Diver<\/strong> es documentar el entorno submarino y hacer que el p\u00fablico conozca su belleza, variedad, singularidad y la necesidad de protegerlo, introduciendo al buceador en las t\u00e9cnicas de documentaci\u00f3n, organizaci\u00f3n de proyectos y log\u00edstica.<\/p>\n<p>En este curso se obtendr\u00e1 formaci\u00f3n b\u00e1sica en fotograf\u00eda y v\u00eddeo, as\u00ed como el uso de equipo relacionado, las habilidades espec\u00edficas durante el buceo de documentaci\u00f3n, establecimiento de objetivos y planes de trabajo, gesti\u00f3n de tareas, creaci\u00f3n de informes, mapeo, encuesta y creaci\u00f3n de comunicados de prensa.<\/p>\n<p><strong>Requisitos:<\/strong><\/p>\n<ul>\n<li>Edad m\u00ednima de 16 a\u00f1os<\/li>\n<li>Estar en forma f\u00edsica y mentalmente<\/li>\n<li>No ser fumador<\/li>\n<li>Autorizaci\u00f3n m\u00e9dica en caso de tomar medicamentos recetados<\/li>\n<li>Haber aprobado el curso GUE Recreational Diver Nivel 1 o el curso Fundamentals de GUE.<\/li>\n<li>M\u00ednimo de 75 inmersiones registradas de nivel b\u00e1sico.<\/li>\n<li>M\u00ednimo de 25 inmersiones tras la certificaci\u00f3n GUE.<\/li>\n<\/ul>\n<p><strong>Formaci\u00f3n:<\/strong><\/p>\n<ul>\n<li>M\u00ednimo de 6 inmersiones<\/li>\n<li>M\u00ednimo de 32 horas de instrucci\u00f3n.<\/li>\n<\/ul>\n<p><strong>Duraci\u00f3n:<\/strong> 5 d\u00edas<\/p>\n<p><strong>Precio:<\/strong> Consultar<\/p>\n","protected":false},"excerpt":{"rendered":"<p>El objetivo fundamental del curso GUE Documentation Diver es documentar el entorno submarino y hacer que el p\u00fablico conozca su belleza, variedad, singularidad y la necesidad de protegerlo, introduciendo al buceador en las t\u00e9cnicas de documentaci\u00f3n, organizaci\u00f3n de proyectos y log\u00edstica. En este curso se obtendr\u00e1 formaci\u00f3n b\u00e1sica en fotograf\u00eda y v\u00eddeo, as\u00ed como el&#8230;<\/p>\n","protected":false},"featured_media":14293,"comment_status":"closed","ping_status":"closed","template":"","meta":[],"product_cat":[107],"product_tag":[],"yst_prominent_words":[401,524,407,587],"_links":{"self":[{"href":"https:\/\/islashormigas.com\/pl\/wp-json\/wp\/v2\/product\/15054"}],"collection":[{"href":"https:\/\/islashormigas.com\/pl\/wp-json\/wp\/v2\/product"}],"about":[{"href":"https:\/\/islashormigas.com\/pl\/wp-json\/wp\/v2\/types\/product"}],"replies":[{"embeddable":true,"href":"https:\/\/islashormigas.com\/pl\/wp-json\/wp\/v2\/comments?post=15054"}],"wp:featuredmedia":[{"embeddable":true,"href":"https:\/\/islashormigas.com\/pl\/wp-json\/wp\/v2\/media\/14293"}],"wp:attachment":[{"href":"https:\/\/islashormigas.com\/pl\/wp-json\/wp\/v2\/media?parent=15054"}],"wp:term":[{"taxonomy":"product_cat","embeddable":true,"href":"https:\/\/islashormigas.com\/pl\/wp-json\/wp\/v2\/product_cat?post=15054"},{"taxonomy":"product_tag","embeddable":true,"href":"https:\/\/islashormigas.com\/pl\/wp-json\/wp\/v2\/product_tag?post=15054"},{"taxonomy":"yst_prominent_words","embeddable":true,"href":"https:\/\/islashormigas.com\/pl\/wp-json\/wp\/v2\/yst_prominent_words?post=15054"}],"curies":[{"name":"wp","href":"https:\/\/api.w.org\/{rel}","templated":true}]}}