{"id":15046,"date":"2025-03-06T12:59:00","date_gmt":"2025-03-06T12:59:00","guid":{"rendered":"https:\/\/islashormigas.com\/?post_type=product&#038;p=15046"},"modified":"2025-03-06T12:59:00","modified_gmt":"2025-03-06T12:59:00","slug":"gue-technical-diver-1","status":"publish","type":"product","link":"https:\/\/islashormigas.com\/pl\/curso\/gue-technical-diver-1\/","title":{"rendered":"GUE TECHNICAL DIVER 1"},"content":{"rendered":"<p>El curso de <strong>Technical Diver 1<\/strong> prepara a los buceadores para comenzar su formaci\u00f3n en el buceo t\u00e9cnico. Este curso tambi\u00e9n nos proporciona la base para los cursos GUE de rebreather, a la formaci\u00f3n t\u00e9cnica avanzada GUE, as\u00ed como en proyectos y el buceo de exploraci\u00f3n GUE.<\/p>\n<p>Con este curso vamos a practicar, integrar y aumentar las habilidades esenciales requeridas para un buceo t\u00e9cnico seguro, identificar y resolver problemas, utilizar la configuraci\u00f3n de bibotella y abordar los posibles problemas y fallos asociados con su uso, estrategias para descompresi\u00f3n general y acelerada usando nitrox, minimizar la narcosis utilizando helio, y aplicando los procedimientos de descompresi\u00f3n a inmersiones con una sola botella descompresiva.<\/p>\n<p><strong>Requisitos:<\/strong><\/p>\n<ul>\n<li>Edad m\u00ednima de 18 a\u00f1os<\/li>\n<li>Estar en forma f\u00edsica y mentalmente<\/li>\n<li>No ser fumador<\/li>\n<li>Autorizaci\u00f3n m\u00e9dica en caso de tomar medicamentos recetados<\/li>\n<li>Poseer certificaci\u00f3n t\u00e9cnica de GUE Fundamentals<\/li>\n<li>M\u00ednimo de 100 inmersiones registradas<\/li>\n<\/ul>\n<p><strong>Formaci\u00f3n:<\/strong><\/p>\n<ul>\n<li>M\u00ednimo de 7 inmersiones (incluye 3 inmersiones de experiencia trimix)<\/li>\n<li>M\u00ednimo de 48 horas de instrucci\u00f3n.<\/li>\n<\/ul>\n<p><strong>Duraci\u00f3n:<\/strong> 6 d\u00edas<\/p>\n<p><strong>Precio:<\/strong> Consultar<\/p>\n","protected":false},"excerpt":{"rendered":"<p>El curso de Technical Diver 1 prepara a los buceadores para comenzar su formaci\u00f3n en el buceo t\u00e9cnico. Este curso tambi\u00e9n nos proporciona la base para los cursos GUE de rebreather, a la formaci\u00f3n t\u00e9cnica avanzada GUE, as\u00ed como en proyectos y el buceo de exploraci\u00f3n GUE. Con este curso vamos a practicar, integrar y&#8230;<\/p>\n","protected":false},"featured_media":14293,"comment_status":"closed","ping_status":"closed","template":"","meta":[],"product_cat":[107],"product_tag":[],"yst_prominent_words":[498,401,524,407],"_links":{"self":[{"href":"https:\/\/islashormigas.com\/pl\/wp-json\/wp\/v2\/product\/15046"}],"collection":[{"href":"https:\/\/islashormigas.com\/pl\/wp-json\/wp\/v2\/product"}],"about":[{"href":"https:\/\/islashormigas.com\/pl\/wp-json\/wp\/v2\/types\/product"}],"replies":[{"embeddable":true,"href":"https:\/\/islashormigas.com\/pl\/wp-json\/wp\/v2\/comments?post=15046"}],"wp:featuredmedia":[{"embeddable":true,"href":"https:\/\/islashormigas.com\/pl\/wp-json\/wp\/v2\/media\/14293"}],"wp:attachment":[{"href":"https:\/\/islashormigas.com\/pl\/wp-json\/wp\/v2\/media?parent=15046"}],"wp:term":[{"taxonomy":"product_cat","embeddable":true,"href":"https:\/\/islashormigas.com\/pl\/wp-json\/wp\/v2\/product_cat?post=15046"},{"taxonomy":"product_tag","embeddable":true,"href":"https:\/\/islashormigas.com\/pl\/wp-json\/wp\/v2\/product_tag?post=15046"},{"taxonomy":"yst_prominent_words","embeddable":true,"href":"https:\/\/islashormigas.com\/pl\/wp-json\/wp\/v2\/yst_prominent_words?post=15046"}],"curies":[{"name":"wp","href":"https:\/\/api.w.org\/{rel}","templated":true}]}}