{"id":14840,"date":"2022-03-10T12:53:20","date_gmt":"2022-03-10T12:53:20","guid":{"rendered":"https:\/\/islashormigas.com\/?post_type=product&#038;p=14840"},"modified":"2024-07-23T10:08:09","modified_gmt":"2024-07-23T10:08:09","slug":"advanced-adventurer-ssi","status":"publish","type":"product","link":"https:\/\/islashormigas.com\/pl\/curso\/advanced-adventurer-ssi\/","title":{"rendered":"ADVANCED ADVENTURER SSI"},"content":{"rendered":"<p>El curso de AOWD + Nitrox Certificado se compone de 5 inmersiones espec\u00edficas (Flotabilidad, Orientaci\u00f3n, Profunda, Pecio y Nitrox) + la teor\u00eda del nitrox.<\/p>\n<p>Se obtienen las titulaciones de AOWD + Nitrox.<\/p>\n<p>Se necesitan 3 d\u00edas y una ma\u00f1ana\/tarde.<\/p>\n<p class=\"p1\">Durante este curso se ampliar\u00e1n los conocimientos adquiridos en el Open Water Diver, desarrollando t\u00e9cnicas y experiencias suplementarias en inmersiones espec\u00edficas con condiciones especiales. Es un curso de car\u00e1cter pr\u00e1ctico.<\/p>\n<p class=\"p1\">Adem\u00e1s, si lo deseas, podr\u00e1s completar tu formaci\u00f3n a\u00f1adiendo la especialidad de <a href=\"https:\/\/islashormigas.com\/curso\/nitrox\/\">Nitrox<\/a> a tu titulaci\u00f3n de Advanced a un precio especial <i>(consultar tarifas<\/i>).<\/p>\n<p class=\"p2\"><strong>Estructura:<\/strong><\/p>\n<p>El programa del curso de AOWD + Nitrox Certificado consta de 5 inmersiones (6 si incluimos la especialidad de Nitrox):<\/p>\n<ul>\n<li>Flotabilidad<\/li>\n<li>Orientaci\u00f3n<\/li>\n<li>Profunda<\/li>\n<li>Pecio<\/li>\n<li>Nitrox 1\/ multinivel<\/li>\n<li>Nitrox 2 * (<i>incluyendo especialidad Nitrox<\/i>)<\/li>\n<\/ul>\n<p><b>Incluye:<\/b><\/p>\n<ul>\n<li>Manual del curso<\/li>\n<li>Clases te\u00f3ricas<\/li>\n<li>Tramitaci\u00f3n de titulaci\u00f3n<\/li>\n<li>Instructor cualificado con amplia experiencia<\/li>\n<\/ul>\n<p><b>Requisitos:<\/b><\/p>\n<ul>\n<li>Edad m\u00ednima 15 a\u00f1os<\/li>\n<li>Titulaci\u00f3n de OW o equivalente<\/li>\n<li>Seguro de buceo en vigor<\/li>\n<li>Fotograf\u00edas tama\u00f1o carnet<\/li>\n<li>Certificado m\u00e9dico en vigor<\/li>\n<\/ul>\n","protected":false},"excerpt":{"rendered":"<p>El curso de AOWD + Nitrox Certificado se compone de 5 inmersiones espec\u00edficas (Flotabilidad, Orientaci\u00f3n, Profunda, Pecio y Nitrox) + la teor\u00eda del nitrox. Se obtienen las titulaciones de AOWD + Nitrox. Se necesitan 3 d\u00edas y una ma\u00f1ana\/tarde. Durante este curso se ampliar\u00e1n los conocimientos adquiridos en el Open Water Diver, desarrollando t\u00e9cnicas y&#8230;<\/p>\n","protected":false},"featured_media":14844,"comment_status":"open","ping_status":"closed","template":"","meta":[],"product_cat":[105],"product_tag":[],"yst_prominent_words":[559,550,566,570,567,524,571,569,568,526,522,561,535,407,560,518,572,562,563,527],"_links":{"self":[{"href":"https:\/\/islashormigas.com\/pl\/wp-json\/wp\/v2\/product\/14840"}],"collection":[{"href":"https:\/\/islashormigas.com\/pl\/wp-json\/wp\/v2\/product"}],"about":[{"href":"https:\/\/islashormigas.com\/pl\/wp-json\/wp\/v2\/types\/product"}],"replies":[{"embeddable":true,"href":"https:\/\/islashormigas.com\/pl\/wp-json\/wp\/v2\/comments?post=14840"}],"wp:featuredmedia":[{"embeddable":true,"href":"https:\/\/islashormigas.com\/pl\/wp-json\/wp\/v2\/media\/14844"}],"wp:attachment":[{"href":"https:\/\/islashormigas.com\/pl\/wp-json\/wp\/v2\/media?parent=14840"}],"wp:term":[{"taxonomy":"product_cat","embeddable":true,"href":"https:\/\/islashormigas.com\/pl\/wp-json\/wp\/v2\/product_cat?post=14840"},{"taxonomy":"product_tag","embeddable":true,"href":"https:\/\/islashormigas.com\/pl\/wp-json\/wp\/v2\/product_tag?post=14840"},{"taxonomy":"yst_prominent_words","embeddable":true,"href":"https:\/\/islashormigas.com\/pl\/wp-json\/wp\/v2\/yst_prominent_words?post=14840"}],"curies":[{"name":"wp","href":"https:\/\/api.w.org\/{rel}","templated":true}]}}