{"id":14663,"date":"2020-07-03T14:18:12","date_gmt":"2020-07-03T14:18:12","guid":{"rendered":"https:\/\/islashormigas.com\/?post_type=product&#038;p=14663"},"modified":"2024-07-23T10:09:45","modified_gmt":"2024-07-23T10:09:45","slug":"owd-padi","status":"publish","type":"product","link":"https:\/\/islashormigas.com\/pl\/curso\/owd-padi\/","title":{"rendered":"OWD PADI"},"content":{"rendered":"<p>Consigue tu t\u00edtulo de OWD y podr\u00e1s bucear por todo el mundo.<\/p>\n<p>En este curso aprender\u00e1s todo lo necesario para planificar y llevar a cabo tus inmersiones de forma segura y sin necesidad de ir acompa\u00f1ado de un instructor. Adem\u00e1s aprender\u00e1s la teor\u00eda b\u00e1sica del mundo del buceo y las t\u00e9cnicas y destrezas necesarias para poder disfrutar de las sensaciones del mar y su entorno subacu\u00e1tico.<\/p>\n<p><b>Estructura<\/b><\/p>\n<p>El curso de OWD consta de una parte te\u00f3rica y una parte pr\u00e1ctica<\/p>\n<ul>\n<li>La parte te\u00f3rica dura aproximadamente 8 horas, en las que trabajaremos los conocimientos necesarios para poder bucear de forma segura. Tambi\u00e9n incluye la realizaci\u00f3n de unas pruebas de evaluaci\u00f3n de los contenidos por parte de los alumnos.<\/li>\n<li>La parte pr\u00e1ctica la componen 5 inmersiones donde aprenderemos las habilidades necesarias para poder convertirnos en todo un buceador titulado. Todas las inmersiones ser\u00e1n en el mar, con salida en barco y siempre bajo la supervisi\u00f3n de tu instructor.<\/li>\n<\/ul>\n<p><b>Incluye<\/b><\/p>\n<ul>\n<li>Material did\u00e1ctico<\/li>\n<li>Clases te\u00f3ricas<\/li>\n<li>Equipo completo de buceo durante las inmersiones<\/li>\n<li>Tramitaci\u00f3n de titulaci\u00f3n<\/li>\n<li><strong>SEGURO DE BUCEO V\u00c1LIDO DURANTE 1 A\u00d1O<\/strong><\/li>\n<li>Instructor cualificado con amplia experiencia.<\/li>\n<li>Desplazamiento en barco<\/li>\n<\/ul>\n<p><b>Requisitos:<\/b><\/p>\n<ul>\n<li>Edad m\u00ednima 12 a\u00f1os<\/li>\n<li>1 certificado m\u00e9dico que te capacite \u201capto para la pr\u00e1ctica de buceo o actividades subacu\u00e1ticas\u201d.<\/li>\n<li>Toalla y ba\u00f1ador<\/li>\n<\/ul>\n","protected":false},"excerpt":{"rendered":"<p>Consigue tu t\u00edtulo de OWD y podr\u00e1s bucear por todo el mundo. En este curso aprender\u00e1s todo lo necesario para planificar y llevar a cabo tus inmersiones de forma segura y sin necesidad de ir acompa\u00f1ado de un instructor. Adem\u00e1s aprender\u00e1s la teor\u00eda b\u00e1sica del mundo del buceo y las t\u00e9cnicas y destrezas necesarias para&#8230;<\/p>\n","protected":false},"featured_media":13746,"comment_status":"open","ping_status":"closed","template":"","meta":[],"product_cat":[106],"product_tag":[],"yst_prominent_words":[640,431,638,401,524,641,397,529,407,279,644,639,643,646,283,642,645],"_links":{"self":[{"href":"https:\/\/islashormigas.com\/pl\/wp-json\/wp\/v2\/product\/14663"}],"collection":[{"href":"https:\/\/islashormigas.com\/pl\/wp-json\/wp\/v2\/product"}],"about":[{"href":"https:\/\/islashormigas.com\/pl\/wp-json\/wp\/v2\/types\/product"}],"replies":[{"embeddable":true,"href":"https:\/\/islashormigas.com\/pl\/wp-json\/wp\/v2\/comments?post=14663"}],"wp:featuredmedia":[{"embeddable":true,"href":"https:\/\/islashormigas.com\/pl\/wp-json\/wp\/v2\/media\/13746"}],"wp:attachment":[{"href":"https:\/\/islashormigas.com\/pl\/wp-json\/wp\/v2\/media?parent=14663"}],"wp:term":[{"taxonomy":"product_cat","embeddable":true,"href":"https:\/\/islashormigas.com\/pl\/wp-json\/wp\/v2\/product_cat?post=14663"},{"taxonomy":"product_tag","embeddable":true,"href":"https:\/\/islashormigas.com\/pl\/wp-json\/wp\/v2\/product_tag?post=14663"},{"taxonomy":"yst_prominent_words","embeddable":true,"href":"https:\/\/islashormigas.com\/pl\/wp-json\/wp\/v2\/yst_prominent_words?post=14663"}],"curies":[{"name":"wp","href":"https:\/\/api.w.org\/{rel}","templated":true}]}}