{"id":14268,"date":"2019-04-30T16:40:24","date_gmt":"2019-04-30T16:40:24","guid":{"rendered":"https:\/\/islashormigas.com\/producto\/gg-guia-de-grupo\/"},"modified":"2019-05-02T10:59:53","modified_gmt":"2019-05-02T10:59:53","slug":"gg-guia-de-grupo","status":"publish","type":"product","link":"https:\/\/islashormigas.com\/pl\/curso\/gg-guia-de-grupo\/","title":{"rendered":"GG &#8211; GU\u00cdA DE GRUPO"},"content":{"rendered":"<p>Estamos preparando este contenido, disculpa las molestias. Para m\u00e1s informaci\u00f3n puedes contactar con nuestra oficina.<\/p>\n","protected":false},"excerpt":{"rendered":"<p>Estamos preparando este contenido, disculpa las molestias. Para m\u00e1s informaci\u00f3n puedes contactar con nuestra oficina.<\/p>\n","protected":false},"featured_media":14193,"comment_status":"open","ping_status":"closed","template":"","meta":[],"product_cat":[108],"product_tag":[],"yst_prominent_words":[],"_links":{"self":[{"href":"https:\/\/islashormigas.com\/pl\/wp-json\/wp\/v2\/product\/14268"}],"collection":[{"href":"https:\/\/islashormigas.com\/pl\/wp-json\/wp\/v2\/product"}],"about":[{"href":"https:\/\/islashormigas.com\/pl\/wp-json\/wp\/v2\/types\/product"}],"replies":[{"embeddable":true,"href":"https:\/\/islashormigas.com\/pl\/wp-json\/wp\/v2\/comments?post=14268"}],"wp:featuredmedia":[{"embeddable":true,"href":"https:\/\/islashormigas.com\/pl\/wp-json\/wp\/v2\/media\/14193"}],"wp:attachment":[{"href":"https:\/\/islashormigas.com\/pl\/wp-json\/wp\/v2\/media?parent=14268"}],"wp:term":[{"taxonomy":"product_cat","embeddable":true,"href":"https:\/\/islashormigas.com\/pl\/wp-json\/wp\/v2\/product_cat?post=14268"},{"taxonomy":"product_tag","embeddable":true,"href":"https:\/\/islashormigas.com\/pl\/wp-json\/wp\/v2\/product_tag?post=14268"},{"taxonomy":"yst_prominent_words","embeddable":true,"href":"https:\/\/islashormigas.com\/pl\/wp-json\/wp\/v2\/yst_prominent_words?post=14268"}],"curies":[{"name":"wp","href":"https:\/\/api.w.org\/{rel}","templated":true}]}}