{"id":14232,"date":"2019-03-10T12:51:12","date_gmt":"2019-03-10T12:51:12","guid":{"rendered":"https:\/\/islashormigas.com\/producto\/aowd-ssi-4-especialidades-certificadas\/"},"modified":"2024-07-23T10:16:34","modified_gmt":"2024-07-23T10:16:34","slug":"advanced-open-water-diver-ssi-4-especialidades-certificadas","status":"publish","type":"product","link":"https:\/\/islashormigas.com\/pl\/curso\/advanced-open-water-diver-ssi-4-especialidades-certificadas\/","title":{"rendered":"AOWD + 4 ESPECIALIDADES SSI"},"content":{"rendered":"<p>El curso de buceo de <strong>AOWD SSI con certificaci\u00f3n de especialidades<\/strong>, que incluye 4 Kits Digitales de programas de Especialidades SSI*.<\/p>\n<p>Se obtienen la certificaci\u00f3n de Advanced Open Water Diver SSI\u00a0 + las 4 certificaciones de los programas de Especialidades SSI cursados.<\/p>\n<p>Nosotros recomendamos <a href=\"https:\/\/islashormigas.com\/curso\/flotabilidad-perfecta\/\">flotabilidad perfecta<\/a>, <a href=\"https:\/\/islashormigas.com\/curso\/profunda\/\">buceo profundo<\/a>, buceo en pecios y <a href=\"https:\/\/islashormigas.com\/curso\/nitrox\/\">nitrox<\/a> o <a href=\"https:\/\/islashormigas.com\/curso\/scooter\/\">scooter<\/a>.<\/p>\n<p>Se necesitan 4-5 d\u00edas.<\/p>\n<p>*(no todas las especialidades se pueden incluir con este precio, para especialidades distintas de las propuestas, consultar)<\/p>\n<p>Durante este curso se ampliar\u00e1n los conocimientos adquiridos en el Open Water Diver, desarrollando t\u00e9cnicas y experiencias suplementarias en inmersiones espec\u00edficas con condiciones especiales. Es un curso de car\u00e1cter pr\u00e1ctico.<\/p>\n<p>Adem\u00e1s, si lo deseas, podr\u00e1s completar tu formaci\u00f3n a\u00f1adiendo la especialidad de Nitrox a tu titulaci\u00f3n de Advanced a un precio especial <i>(consultar tarifas<\/i>).<\/p>\n<p><b>Estructura:<\/b><\/p>\n<p>El programa del curso de AOWD SSI con certificaci\u00f3n de especialidades consta de 5 inmersiones (6 si incluimos la especialidad de Nitrox):<\/p>\n<ul>\n<li>Flotabilidad<\/li>\n<li>Orientaci\u00f3n<\/li>\n<li>Profunda<\/li>\n<li>Pecio<\/li>\n<li>Nitrox 1\/ multinivel<\/li>\n<li>Nitrox 2 * (<i>incluyendo especialidad Nitrox<\/i>)<\/li>\n<\/ul>\n<p><strong>Incluye:<\/strong><\/p>\n<ul>\n<li>Manual del curso<\/li>\n<li>Clases te\u00f3ricas<\/li>\n<li>Tramitaci\u00f3n de titulaci\u00f3n<\/li>\n<li>Instructor cualificado con amplia experiencia<\/li>\n<\/ul>\n<p><b>Requisitos:<\/b><\/p>\n<ul>\n<li>Edad m\u00ednima 15 a\u00f1os<\/li>\n<li>Titulaci\u00f3n de OW o equivalente<\/li>\n<li>Seguro de buceo en vigor<\/li>\n<li>Fotograf\u00edas tama\u00f1o carnet<\/li>\n<li>Certificado m\u00e9dico en vigor<\/li>\n<li>DNI o Pasaporte<\/li>\n<\/ul>\n","protected":false},"excerpt":{"rendered":"<p>El curso de buceo de AOWD SSI con certificaci\u00f3n de especialidades, que incluye 4 Kits Digitales de programas de Especialidades SSI*. Se obtienen la certificaci\u00f3n de Advanced Open Water Diver SSI\u00a0 + las 4 certificaciones de los programas de Especialidades SSI cursados. Nosotros recomendamos flotabilidad perfecta, buceo profundo, buceo en pecios y nitrox o scooter&#8230;.<\/p>\n","protected":false},"featured_media":13757,"comment_status":"open","ping_status":"closed","template":"","meta":[],"product_cat":[105],"product_tag":[],"yst_prominent_words":[550,549,548,401,528,547,524,526,522,529,518,349,341,530,521,525,546,544,527,350],"_links":{"self":[{"href":"https:\/\/islashormigas.com\/pl\/wp-json\/wp\/v2\/product\/14232"}],"collection":[{"href":"https:\/\/islashormigas.com\/pl\/wp-json\/wp\/v2\/product"}],"about":[{"href":"https:\/\/islashormigas.com\/pl\/wp-json\/wp\/v2\/types\/product"}],"replies":[{"embeddable":true,"href":"https:\/\/islashormigas.com\/pl\/wp-json\/wp\/v2\/comments?post=14232"}],"wp:featuredmedia":[{"embeddable":true,"href":"https:\/\/islashormigas.com\/pl\/wp-json\/wp\/v2\/media\/13757"}],"wp:attachment":[{"href":"https:\/\/islashormigas.com\/pl\/wp-json\/wp\/v2\/media?parent=14232"}],"wp:term":[{"taxonomy":"product_cat","embeddable":true,"href":"https:\/\/islashormigas.com\/pl\/wp-json\/wp\/v2\/product_cat?post=14232"},{"taxonomy":"product_tag","embeddable":true,"href":"https:\/\/islashormigas.com\/pl\/wp-json\/wp\/v2\/product_tag?post=14232"},{"taxonomy":"yst_prominent_words","embeddable":true,"href":"https:\/\/islashormigas.com\/pl\/wp-json\/wp\/v2\/yst_prominent_words?post=14232"}],"curies":[{"name":"wp","href":"https:\/\/api.w.org\/{rel}","templated":true}]}}