{"id":14231,"date":"2019-04-26T17:34:12","date_gmt":"2019-04-26T17:34:12","guid":{"rendered":"https:\/\/islashormigas.com\/producto\/b2-fedas-svb\/"},"modified":"2024-07-23T10:11:55","modified_gmt":"2024-07-23T10:11:55","slug":"b2-fedas-svb","status":"publish","type":"product","link":"https:\/\/islashormigas.com\/pl\/curso\/b2-fedas-svb\/","title":{"rendered":"B2 FEDAS + SVB"},"content":{"rendered":"<p>El curso de <strong>B2 de FEDAS + SVB<\/strong> es como el avanzado cl\u00e1sico pero <strong>adem\u00e1s incluye<\/strong> <strong>SVB<\/strong>, es decir, se ense\u00f1a y certifica el Soporte Vital B\u00e1sico y se dan algunas nociones de rescate. Tiene tambi\u00e9n la opci\u00f3n de certificar el Nitrox.<\/p>\n<p>Se obtienen las titulaciones de B2+ SVB (+ Nitrox si se elige certificarlo).<\/p>\n<p>Se necesitan 3 d\u00edas y medio.<\/p>\n<p>Durante este curso se ampliar\u00e1n los conocimientos adquiridos en el Open Water Diver, desarrollando t\u00e9cnicas y experiencias suplementarias en inmersiones espec\u00edficas con condiciones especiales. Es un curso de car\u00e1cter pr\u00e1ctico.<\/p>\n<p>Adem\u00e1s, si lo deseas, podr\u00e1s completar tu formaci\u00f3n a\u00f1adiendo la especialidad de <a href=\"https:\/\/islashormigas.com\/curso\/nitrox\/\">Nitrox<\/a> a tu titulaci\u00f3n de Advanced a un precio especial <i>(consultar tarifas<\/i>).<\/p>\n<p><b>Estructura:<\/b><\/p>\n<p>El programa del curso B2 FEDAS + SVB consta de 5 inmersiones (6 si incluimos la especialidad de Nitrox):<\/p>\n<ul>\n<li>Flotabilidad<\/li>\n<li>Orientaci\u00f3n<\/li>\n<li>Profunda<\/li>\n<li>Pecio<\/li>\n<li>Nitrox 1\/ multinivel<\/li>\n<li>Nitrox 2 * (<i>incluyendo especialidad Nitrox<\/i>)<\/li>\n<\/ul>\n<p><strong>Incluye:<\/strong><\/p>\n<ul>\n<li>Manual del curso<\/li>\n<li>Clases te\u00f3ricas<\/li>\n<li>Tramitaci\u00f3n de titulaci\u00f3n<\/li>\n<li>Instructor cualificado con amplia experiencia<\/li>\n<\/ul>\n<p><b>Requisitos:<\/b><\/p>\n<ul>\n<li>Edad m\u00ednima 15 a\u00f1os<\/li>\n<li>Titulaci\u00f3n de OW o equivalente<\/li>\n<li>Seguro de buceo en vigor<\/li>\n<li>Fotograf\u00edas tama\u00f1o carnet<\/li>\n<li>Certificado m\u00e9dico en vigor<\/li>\n<\/ul>\n","protected":false},"excerpt":{"rendered":"<p>El curso de B2 de FEDAS + SVB es como el avanzado cl\u00e1sico pero adem\u00e1s incluye SVB, es decir, se ense\u00f1a y certifica el Soporte Vital B\u00e1sico y se dan algunas nociones de rescate. Tiene tambi\u00e9n la opci\u00f3n de certificar el Nitrox. Se obtienen las titulaciones de B2+ SVB (+ Nitrox si se elige certificarlo)&#8230;.<\/p>\n","protected":false},"featured_media":13755,"comment_status":"open","ping_status":"closed","template":"","meta":[],"product_cat":[105],"product_tag":[],"yst_prominent_words":[766,558,554,524,526,522,556,557,529,407,553,527,555],"_links":{"self":[{"href":"https:\/\/islashormigas.com\/pl\/wp-json\/wp\/v2\/product\/14231"}],"collection":[{"href":"https:\/\/islashormigas.com\/pl\/wp-json\/wp\/v2\/product"}],"about":[{"href":"https:\/\/islashormigas.com\/pl\/wp-json\/wp\/v2\/types\/product"}],"replies":[{"embeddable":true,"href":"https:\/\/islashormigas.com\/pl\/wp-json\/wp\/v2\/comments?post=14231"}],"wp:featuredmedia":[{"embeddable":true,"href":"https:\/\/islashormigas.com\/pl\/wp-json\/wp\/v2\/media\/13755"}],"wp:attachment":[{"href":"https:\/\/islashormigas.com\/pl\/wp-json\/wp\/v2\/media?parent=14231"}],"wp:term":[{"taxonomy":"product_cat","embeddable":true,"href":"https:\/\/islashormigas.com\/pl\/wp-json\/wp\/v2\/product_cat?post=14231"},{"taxonomy":"product_tag","embeddable":true,"href":"https:\/\/islashormigas.com\/pl\/wp-json\/wp\/v2\/product_tag?post=14231"},{"taxonomy":"yst_prominent_words","embeddable":true,"href":"https:\/\/islashormigas.com\/pl\/wp-json\/wp\/v2\/yst_prominent_words?post=14231"}],"curies":[{"name":"wp","href":"https:\/\/api.w.org\/{rel}","templated":true}]}}