{"id":14225,"date":"2019-04-26T17:34:02","date_gmt":"2019-04-26T17:34:02","guid":{"rendered":"https:\/\/islashormigas.com\/producto\/rescue\/"},"modified":"2024-07-23T10:14:23","modified_gmt":"2024-07-23T10:14:23","slug":"rescue-diver","status":"publish","type":"product","link":"https:\/\/islashormigas.com\/pl\/curso\/rescue-diver\/","title":{"rendered":"RESCUE DIVER"},"content":{"rendered":"<p>Este curso aumenta tu nivel de conocimientos y tu experiencia \u00a0en buceo. El Rescue Diver aprende a mirar m\u00e1s all\u00e1 de s\u00ed mismo, y a tener en cuenta la seguridad y el bienestar de los dem\u00e1s buceadores. Aunque este curso es exigente, es una gratificante forma de desarrollar tu confianza.<\/p>\n<p>El entrenamiento de Rescue Diver te preparar\u00e1 para prevenir problemas y, si es necesario, a gestionar emergencias de buceo. Muchos buceadores declaran que este es el mejor curso que han realizado.<\/p>\n<p><b>Ver\u00e1s:<\/b><\/p>\n<ul>\n<li>Auto-rescate y estr\u00e9s del buceador<\/li>\n<li>Equipo y gesti\u00f3n de emergencias<\/li>\n<li>Respuesta ante un buceador en p\u00e1nico Protocolos de rescate en el agua<\/li>\n<li>Salidas Simulacros de accidentes de buceo<\/li>\n<\/ul>\n<p><b>Incluye:<\/b><\/p>\n<ul>\n<li>Material did\u00e1ctico<\/li>\n<li>4 inmersiones<\/li>\n<li>Tramitaci\u00f3n de titulaci\u00f3n<\/li>\n<li>Instructor cualificado con amplia experiencia<\/li>\n<\/ul>\n<p><b>Requisitos:<\/b><\/p>\n<ul>\n<li>Ser mayor de 16 a\u00f1os<\/li>\n<li>Tener la titulaci\u00f3n de Adv. o equivalente<\/li>\n<li>acreditar m\u00e1s de 20 inmersiones<\/li>\n<\/ul>\n","protected":false},"excerpt":{"rendered":"<p>Este curso aumenta tu nivel de conocimientos y tu experiencia \u00a0en buceo. El Rescue Diver aprende a mirar m\u00e1s all\u00e1 de s\u00ed mismo, y a tener en cuenta la seguridad y el bienestar de los dem\u00e1s buceadores. Aunque este curso es exigente, es una gratificante forma de desarrollar tu confianza. El entrenamiento de Rescue Diver&#8230;<\/p>\n","protected":false},"featured_media":13505,"comment_status":"open","ping_status":"closed","template":"","meta":[],"product_cat":[109],"product_tag":[],"yst_prominent_words":[636,498,401,524,534,635,277,407,634,637,527],"_links":{"self":[{"href":"https:\/\/islashormigas.com\/pl\/wp-json\/wp\/v2\/product\/14225"}],"collection":[{"href":"https:\/\/islashormigas.com\/pl\/wp-json\/wp\/v2\/product"}],"about":[{"href":"https:\/\/islashormigas.com\/pl\/wp-json\/wp\/v2\/types\/product"}],"replies":[{"embeddable":true,"href":"https:\/\/islashormigas.com\/pl\/wp-json\/wp\/v2\/comments?post=14225"}],"wp:featuredmedia":[{"embeddable":true,"href":"https:\/\/islashormigas.com\/pl\/wp-json\/wp\/v2\/media\/13505"}],"wp:attachment":[{"href":"https:\/\/islashormigas.com\/pl\/wp-json\/wp\/v2\/media?parent=14225"}],"wp:term":[{"taxonomy":"product_cat","embeddable":true,"href":"https:\/\/islashormigas.com\/pl\/wp-json\/wp\/v2\/product_cat?post=14225"},{"taxonomy":"product_tag","embeddable":true,"href":"https:\/\/islashormigas.com\/pl\/wp-json\/wp\/v2\/product_tag?post=14225"},{"taxonomy":"yst_prominent_words","embeddable":true,"href":"https:\/\/islashormigas.com\/pl\/wp-json\/wp\/v2\/yst_prominent_words?post=14225"}],"curies":[{"name":"wp","href":"https:\/\/api.w.org\/{rel}","templated":true}]}}