{"id":14224,"date":"2019-04-26T17:34:02","date_gmt":"2019-04-26T17:34:02","guid":{"rendered":"https:\/\/islashormigas.com\/producto\/dive-master\/"},"modified":"2024-07-23T10:14:01","modified_gmt":"2024-07-23T10:14:01","slug":"dive-master","status":"publish","type":"product","link":"https:\/\/islashormigas.com\/pl\/curso\/dive-master\/","title":{"rendered":"DIVE MASTER"},"content":{"rendered":"<p>Este es el primer paso de tu carrera como profesional en el mundo del buceo recreativo. El curso de Dive Master te permitir\u00e1 colaborar estrechamente con un instructor para perfeccionar tus habilidades en el buceo y adquirir conocimientos a nivel profesional. Aprender\u00e1s a organizar inmersiones y ayudar\u00e1s con la formaci\u00f3n de otros buceadores.<\/p>\n<p><strong>Estructura:<\/strong><\/p>\n<p>El programa del curso Dive Master tiene una duraci\u00f3n aproximada de 60 horas, divididas en las siguientes secciones:<\/p>\n<ul>\n<li>Desarrollo de conocimientos<\/li>\n<li>T\u00e9cnicas y resistencia en el agua<\/li>\n<li>Aplicaciones pr\u00e1cticas en agua confinadas con alumnos reales<\/li>\n<li>Aplicaciones pr\u00e1cticas en mar abierto con alumnos reales<\/li>\n<\/ul>\n<p><strong>Incluye:\u00a0<\/strong><\/p>\n<ul>\n<li>Kit del alumno<\/li>\n<li>Tramitaci\u00f3n de titulaci\u00f3n<\/li>\n<li>Clases te\u00f3ricas<\/li>\n<\/ul>\n<p><strong>Requisitos:<\/strong><\/p>\n<ul>\n<li>Edad m\u00ednima 18 a\u00f1os<\/li>\n<li>Titulaci\u00f3n de buceador Rescue Diver o equivalente<\/li>\n<li>Entrenamiento en primeros auxilios en los \u00faltimos dos a\u00f1os<\/li>\n<li>Seguro de buceo en vigor<\/li>\n<li>Certificar al menos 40 inmersiones antes del curso y 60 al terminar el curso<\/li>\n<li>Fotograf\u00eda tama\u00f1o carnet<\/li>\n<li>Certificado m\u00e9dico que te declare\u201d apto para la pr\u00e1ctica de actividades subacu\u00e1ticas\u201d<\/li>\n<\/ul>\n","protected":false},"excerpt":{"rendered":"<p>Este es el primer paso de tu carrera como profesional en el mundo del buceo recreativo. El curso de Dive Master te permitir\u00e1 colaborar estrechamente con un instructor para perfeccionar tus habilidades en el buceo y adquirir conocimientos a nivel profesional. Aprender\u00e1s a organizar inmersiones y ayudar\u00e1s con la formaci\u00f3n de otros buceadores. Estructura: El&#8230;<\/p>\n","protected":false},"featured_media":13503,"comment_status":"open","ping_status":"closed","template":"","meta":[],"product_cat":[108],"product_tag":[],"yst_prominent_words":[623,626,629,622,627,621,401,625,524,632,631,407,633,628,624,630,527],"_links":{"self":[{"href":"https:\/\/islashormigas.com\/pl\/wp-json\/wp\/v2\/product\/14224"}],"collection":[{"href":"https:\/\/islashormigas.com\/pl\/wp-json\/wp\/v2\/product"}],"about":[{"href":"https:\/\/islashormigas.com\/pl\/wp-json\/wp\/v2\/types\/product"}],"replies":[{"embeddable":true,"href":"https:\/\/islashormigas.com\/pl\/wp-json\/wp\/v2\/comments?post=14224"}],"wp:featuredmedia":[{"embeddable":true,"href":"https:\/\/islashormigas.com\/pl\/wp-json\/wp\/v2\/media\/13503"}],"wp:attachment":[{"href":"https:\/\/islashormigas.com\/pl\/wp-json\/wp\/v2\/media?parent=14224"}],"wp:term":[{"taxonomy":"product_cat","embeddable":true,"href":"https:\/\/islashormigas.com\/pl\/wp-json\/wp\/v2\/product_cat?post=14224"},{"taxonomy":"product_tag","embeddable":true,"href":"https:\/\/islashormigas.com\/pl\/wp-json\/wp\/v2\/product_tag?post=14224"},{"taxonomy":"yst_prominent_words","embeddable":true,"href":"https:\/\/islashormigas.com\/pl\/wp-json\/wp\/v2\/yst_prominent_words?post=14224"}],"curies":[{"name":"wp","href":"https:\/\/api.w.org\/{rel}","templated":true}]}}