{"id":14804,"date":"2016-09-16T10:30:44","date_gmt":"2016-09-16T10:30:44","guid":{"rendered":"https:\/\/islashormigas.com\/?page_id=14804"},"modified":"2026-01-29T10:51:18","modified_gmt":"2026-01-29T10:51:18","slug":"nurkowanie-probne-w-cabo-de-palos","status":"publish","type":"page","link":"https:\/\/islashormigas.com\/pl\/nurkowanie-probne-w-cabo-de-palos\/","title":{"rendered":"Nurkowanie pr\u00f3bne w Cabo de Palos"},"content":{"rendered":"<div id=\"cmsmasters_row_2bae1cc328\" class=\"cmsmasters_row cmsmasters_color_scheme_default cmsmasters_row_top_default cmsmasters_row_bot_default cmsmasters_row_boxed\">\n<div class=\"cmsmasters_row_outer_parent\">\n<div class=\"cmsmasters_row_outer\">\n<div class=\"cmsmasters_row_inner\">\n<div class=\"cmsmasters_row_margin\">\n<div id=\"cmsmasters_column_\" class=\"cmsmasters_column one_first\">\n<div class=\"cmsmasters_column_inner\"><div class=\"cmsmasters_img  cmsmasters_image_l\"><a href=\"https:\/\/islashormigas.com\/wp-content\/uploads\/2018\/07\/D717306.jpg\"><img src=\"https:\/\/islashormigas.com\/wp-content\/uploads\/2018\/07\/D717306-1024x683.jpg\" alt=\"Bautizos de Buceo\" \/><\/a><\/div><div id=\"cmsmasters_heading_93e9020f05\" class=\"cmsmasters_heading_wrap cmsmasters_heading_align_left\">\n\t<h2 class=\"cmsmasters_heading\">Nurkowanie pr\u00f3bne w Cabo de Palos<\/h2>\n<\/div><div class=\"cmsmasters_text\">\n<p class=\"p1\">Pr\u00f3bne nurkowanie to doskona\u0142e do\u015bwiadczenie dla tych, kt\u00f3rzy nigdy nie nurkowali i \/ lub nie maj\u0105 kwalifikacji nurkowych. Jest to p\u0142ytkie nurkowanie, prowadzone przez instruktora, kt\u00f3ry b\u0119dzie Ci towarzyszy\u0142 przez ca\u0142e do\u015bwiadczenie, zapewniaj\u0105c przyjemne i bezpieczne nurkowanie. Odkryjesz takie doznania jak niewa\u017cko\u015b\u0107i i oddychanie autonomicznym sprz\u0119tem , ciesz\u0105c si\u0119 przy tym podwodnym \u015bwiatem. Spr\u00f3buj pr\u00f3bnego nurkowania w Cabo de Palos, jest to naprawd\u0119 niezapomniane prze\u017cycie.<\/p>\n<\/div>\n<div id=\"cmsmasters_divider_33aacf25a4\" class=\"cmsmasters_divider cmsmasters_divider_width_long cmsmasters_divider_pos_center\"><\/div>\n<\/div><\/div>\n<\/div>\n<\/div>\n<\/div>\n<\/div>\n<\/div>\n<div id=\"cmsmasters_row_6fc9e5d85a\" class=\"cmsmasters_row cmsmasters_color_scheme_default cmsmasters_row_top_default cmsmasters_row_bot_default cmsmasters_row_boxed\">\n<div class=\"cmsmasters_row_outer_parent\">\n<div class=\"cmsmasters_row_outer\">\n<div class=\"cmsmasters_row_inner\">\n<div class=\"cmsmasters_row_margin\">\n<div id=\"cmsmasters_column_\" class=\"cmsmasters_column one_third\">\n<div class=\"cmsmasters_column_inner\"><div id=\"cmsmasters_heading_5f0b2805db\" class=\"cmsmasters_heading_wrap cmsmasters_heading_align_left\">\n\t<h2 class=\"cmsmasters_heading\">Przebieg szkolenia<\/h2>\n<\/div>\n<div id=\"cmsmasters_divider_6531453ace\" class=\"cmsmasters_divider cmsmasters_divider_width_short cmsmasters_divider_pos_left\"><\/div>\n<div class=\"cmsmasters_text\" data-animation=\"fadeIn\" data-delay=\"0\">\n<p class=\"p1\">Podczas wszystkich naszych pr\u00f3bnych nurkowa\u0144 w Cabo de Palos, po teoretycznym wprowadzeniu, ubieramy si\u0119 w piank\u0119 i przenosimy w idealne miejsce do nurkowania (w zale\u017cno\u015bci od warunk\u00f3w atmosferycznych danego dnia). Nurkowanie odbywa si\u0119 z autonomicznym sprz\u0119tem i jest prowadzone przez instruktora w stosunku 1: 2. Pod koniec nurkowania wracamy do bazy, aby wzi\u0105\u0107 prysznicz, zdemongtowa\u0107 i odda\u0107 sprz\u0119t.<\/p>\n<p class=\"p2\">Ca\u0142a aktywno\u015b\u0107 trwa oko\u0142o trzech godzin, z czego oko\u0142o 40 minut odbywa si\u0229 w wodzie.<\/p>\n<\/div>\n<\/div><\/div>\n<div id=\"cmsmasters_column_\" class=\"cmsmasters_column one_third\">\n<div class=\"cmsmasters_column_inner\"><div id=\"cmsmasters_heading_fe8b58a244\" class=\"cmsmasters_heading_wrap cmsmasters_heading_align_left\">\n\t<h2 class=\"cmsmasters_heading\">Obejmuje<\/h2>\n<\/div>\n<div id=\"cmsmasters_divider_93d3049ff2\" class=\"cmsmasters_divider cmsmasters_divider_width_short cmsmasters_divider_pos_left\"><\/div>\n<div class=\"cmsmasters_text\" data-animation=\"fadeIn\" data-delay=\"0\">\n<ul>\n<li class=\"p1\">Ca\u0142y, niezb\u0119dny do przeprowadzenia nurkowania pr\u00f3bnego, sprz\u0119t nurkowy.<\/li>\n<li class=\"p1\">Ubezpieczenie podczas aktywno\u015bci.<\/li>\n<li class=\"p1\">Wyt\u0142umaczenie podstawowych informacji potrzebnych do praktyki nurkowania pr\u00f3bnego.<\/li>\n<li class=\"p1\">Wykwalifikowanego instruktora lub Dive Mastera.<\/li>\n<li class=\"p1\">Dop\u0142yni\u0119cie \u0142odzi\u0105 na miejsce nurkowania.<\/li>\n<\/ul>\n<\/div>\n<\/div><\/div>\n<div id=\"cmsmasters_column_\" class=\"cmsmasters_column one_third\">\n<div class=\"cmsmasters_column_inner\"><div id=\"cmsmasters_heading_2d5e59555e\" class=\"cmsmasters_heading_wrap cmsmasters_heading_align_left\">\n\t<h2 class=\"cmsmasters_heading\">Wymagania<\/h2>\n<\/div>\n<div id=\"cmsmasters_divider_15be326c27\" class=\"cmsmasters_divider cmsmasters_divider_width_short cmsmasters_divider_pos_left\"><\/div>\n<div class=\"cmsmasters_text\" data-animation=\"fadeIn\" data-delay=\"0\">\n<p class=\"p1\">Minimalny wiek 12 lat<\/p>\n<\/div>\n<div id=\"cmsmasters_heading_kfews8ifft\" class=\"cmsmasters_heading_wrap cmsmasters_heading_align_left\">\n\t<h2 class=\"cmsmasters_heading\">Ceny<\/h2>\n<\/div>\n<div id=\"cmsmasters_divider_alx0uxfyz\" class=\"cmsmasters_divider cmsmasters_divider_width_short cmsmasters_divider_pos_left\"><\/div>\n<div class=\"cmsmasters_text\" data-animation=\"fadeIn\" data-delay=\"0\">\n<h4 class=\"p1\"><strong>95 \u20ac<\/strong><\/h4>\n<p>Grupy od 4 do 10 os\u00f3b\u00a0<strong>85 \u20ac<\/strong><\/p>\n<p>Grupy od 11 os\u00f3b <strong>KONSULTUJ<\/strong><\/p>\n<\/div>\n<\/div><\/div>\n<\/div>\n<\/div>\n<\/div>\n<\/div>\n<\/div>\n<div id=\"cmsmasters_row_\" class=\"cmsmasters_row cmsmasters_color_scheme_default cmsmasters_row_top_default cmsmasters_row_bot_default cmsmasters_row_boxed\">\n<div class=\"cmsmasters_row_outer_parent\">\n<div class=\"cmsmasters_row_outer\">\n<div class=\"cmsmasters_row_inner\">\n<div class=\"cmsmasters_row_margin\">\n<div id=\"cmsmasters_column_\" class=\"cmsmasters_column one_first\">\n<div class=\"cmsmasters_column_inner\"><div class=\"cmsmasters_text\">\n<p>&nbsp;<\/p>\n<\/div>\n<\/div><\/div>\n<\/div>\n<\/div>\n<\/div>\n<\/div>\n<\/div>\n<div id=\"cmsmasters_row_1cd4ff0c12\" class=\"cmsmasters_row cmsmasters_color_scheme_default cmsmasters_row_top_default cmsmasters_row_bot_default cmsmasters_row_boxed\">\n<div class=\"cmsmasters_row_outer_parent\">\n<div class=\"cmsmasters_row_outer\">\n<div class=\"cmsmasters_row_inner\">\n<div class=\"cmsmasters_row_margin\">\n<div id=\"cmsmasters_column_\" class=\"cmsmasters_column one_first\">\n<div class=\"cmsmasters_column_inner\">\n<div id=\"cmsmasters_divider_9905b24223\" class=\"cmsmasters_divider cmsmasters_divider_width_long cmsmasters_divider_pos_center\"><\/div>\n<div id=\"cmsmasters_heading_909bc7ba16\" class=\"cmsmasters_heading_wrap cmsmasters_heading_align_left\">\n\t<h2 class=\"cmsmasters_heading\">Zarezerwuj pr\u00f3bne nurkowanie ju\u017c teraz<\/h2>\n<\/div><div id=\"cmsmasters_heading_1dd3c337e4\" class=\"cmsmasters_heading_wrap cmsmasters_heading_align_left\">\n\t<h2 class=\"cmsmasters_heading\">Wype\u0142nij nasz formularz zg\u0142oszeniowy, aby zarezerwowa\u0107 pr\u00f3bne nurkowanie ju\u017c teraz. Nasz zesp\u00f3\u0142 skontaktuje si\u0119 z Tob\u0105 tak szybko, jak to b\u0119dzie mo\u017cliwe, aby potwierdzi\u0107 rezerwacj\u0119.<\/h2>\n<\/div><div id=\"cmsmasters_heading_p75h72you\" class=\"cmsmasters_heading_wrap cmsmasters_heading_align_left\">\n\t<h4 class=\"cmsmasters_heading\">WSZYSTKIE REZERWACJE MUSZ\u0104 BY\u0106 POTWIERDZONE E-MAILEM<\/h4>\n<\/div>\n<div class=\"cmsmasters_contact_form\" data-animation=\"fadeIn\" data-delay=\"0\"><div role=\"form\" class=\"wpcf7\" id=\"wpcf7-f13869-o1\" lang=\"en-US\" dir=\"ltr\">\n<div class=\"screen-reader-response\"><p role=\"status\" aria-live=\"polite\" aria-atomic=\"true\"><\/p> <ul><\/ul><\/div>\n<form action=\"\/pl\/wp-json\/wp\/v2\/pages\/14804#wpcf7-f13869-o1\" method=\"post\" class=\"wpcf7-form init\" novalidate=\"novalidate\" data-status=\"init\">\n<div style=\"display: none;\">\n<input type=\"hidden\" name=\"_wpcf7\" value=\"13869\" \/>\n<input type=\"hidden\" name=\"_wpcf7_version\" value=\"5.5.5\" \/>\n<input type=\"hidden\" name=\"_wpcf7_locale\" value=\"en_US\" \/>\n<input type=\"hidden\" name=\"_wpcf7_unit_tag\" value=\"wpcf7-f13869-o1\" \/>\n<input type=\"hidden\" name=\"_wpcf7_container_post\" value=\"0\" \/>\n<input type=\"hidden\" name=\"_wpcf7_posted_data_hash\" value=\"\" \/>\n<\/div>\n<div class=\"cmsmasters_row_margin cmsmasters_1212\">\n<div class=\"cmsmasters_column one_half\">\n\t\t<span class=\"wpcf7-form-control-wrap nombre\"><input type=\"text\" name=\"nombre\" value=\"\" size=\"40\" class=\"wpcf7-form-control wpcf7-text wpcf7-validates-as-required\" aria-required=\"true\" aria-invalid=\"false\" placeholder=\"Nombre\" \/><\/span><br><br \/>\n\t\t<span class=\"wpcf7-form-control-wrap islas-email\"><input type=\"text\" name=\"islas-email\" value=\"\" size=\"40\" class=\"wpcf7-form-control wpcf7-text wpcf7-validates-as-required\" aria-required=\"true\" aria-invalid=\"false\" placeholder=\"Email\" \/><\/span><br>\n\t<\/div>\n<div class=\"cmsmasters_column one_half\">\n<p>\t\t<span class=\"wpcf7-form-control-wrap telefono\"><input type=\"tel\" name=\"telefono\" value=\"\" size=\"40\" class=\"wpcf7-form-control wpcf7-text wpcf7-tel wpcf7-validates-as-required wpcf7-validates-as-tel\" aria-required=\"true\" aria-invalid=\"false\" placeholder=\"Tel\u00e9fono\" \/><\/span><br><br \/>\n\t\t<span class=\"wpcf7-form-control-wrap fecha\"><input type=\"date\" name=\"fecha\" value=\"\" class=\"wpcf7-form-control wpcf7-date wpcf7-validates-as-required wpcf7-validates-as-date\" aria-required=\"true\" aria-invalid=\"false\" \/><\/span><br>\n\t<\/div>\n<\/div>\n<div class=\"cmsmasters_row_margin cmsmasters_11\">\n<div class=\"cmsmasters_column one_first\">\n<div id=\"cf7sr-69e74a7153ae6\" class=\"cf7sr-g-recaptcha\" data-sitekey=\"6LenxLwUAAAAADwsw5Gm7Gm-zI85hkeXR0SjTYDL\"><\/div><span class=\"wpcf7-form-control-wrap cf7sr-recaptcha\"><input type=\"hidden\" name=\"cf7sr-recaptcha\" value=\"\" class=\"wpcf7-form-control\"><\/span><br \/>\n\t\t<input type=\"submit\" value=\"Solicitar reserva\" class=\"wpcf7-form-control has-spinner wpcf7-submit\" \/>\n\t<\/div>\n<\/div>\n<div class=\"wpcf7-response-output\" aria-hidden=\"true\"><\/div><\/form><\/div><\/div>\n<\/div><\/div>\n<\/div>\n<\/div>\n<\/div>\n<\/div>\n<\/div>\n<div id=\"cmsmasters_row_\" class=\"cmsmasters_row cmsmasters_color_scheme_default cmsmasters_row_top_default cmsmasters_row_bot_default cmsmasters_row_boxed\">\n<div class=\"cmsmasters_row_outer_parent\">\n<div class=\"cmsmasters_row_outer\">\n<div class=\"cmsmasters_row_inner\">\n<div class=\"cmsmasters_row_margin\">\n<div id=\"cmsmasters_column_\" class=\"cmsmasters_column one_first\">\n<div class=\"cmsmasters_column_inner\"><div class=\"cmsmasters_text\">\n<p>&nbsp;<\/p>\n<\/div>\n<\/div><\/div>\n<\/div>\n<\/div>\n<\/div>\n<\/div>\n<\/div>\n\n","protected":false},"excerpt":{"rendered":"","protected":false},"author":3,"featured_media":0,"parent":0,"menu_order":0,"comment_status":"closed","ping_status":"closed","template":"","meta":[],"yst_prominent_words":[276,328],"_links":{"self":[{"href":"https:\/\/islashormigas.com\/pl\/wp-json\/wp\/v2\/pages\/14804"}],"collection":[{"href":"https:\/\/islashormigas.com\/pl\/wp-json\/wp\/v2\/pages"}],"about":[{"href":"https:\/\/islashormigas.com\/pl\/wp-json\/wp\/v2\/types\/page"}],"author":[{"embeddable":true,"href":"https:\/\/islashormigas.com\/pl\/wp-json\/wp\/v2\/users\/3"}],"replies":[{"embeddable":true,"href":"https:\/\/islashormigas.com\/pl\/wp-json\/wp\/v2\/comments?post=14804"}],"version-history":[{"count":5,"href":"https:\/\/islashormigas.com\/pl\/wp-json\/wp\/v2\/pages\/14804\/revisions"}],"predecessor-version":[{"id":15099,"href":"https:\/\/islashormigas.com\/pl\/wp-json\/wp\/v2\/pages\/14804\/revisions\/15099"}],"wp:attachment":[{"href":"https:\/\/islashormigas.com\/pl\/wp-json\/wp\/v2\/media?parent=14804"}],"wp:term":[{"taxonomy":"yst_prominent_words","embeddable":true,"href":"https:\/\/islashormigas.com\/pl\/wp-json\/wp\/v2\/yst_prominent_words?post=14804"}],"curies":[{"name":"wp","href":"https:\/\/api.w.org\/{rel}","templated":true}]}}