{"id":15062,"date":"2025-03-06T13:04:54","date_gmt":"2025-03-06T13:04:54","guid":{"rendered":"https:\/\/islashormigas.com\/?post_type=product&#038;p=15062"},"modified":"2025-03-06T13:05:34","modified_gmt":"2025-03-06T13:05:34","slug":"gue-cave-diver-2","status":"publish","type":"product","link":"https:\/\/islashormigas.com\/fr\/curso\/gue-cave-diver-2\/","title":{"rendered":"GUE CAVE DIVER 2"},"content":{"rendered":"<p>El curso <strong>GUE Cave 2<\/strong> es el siguiente paso en tu formaci\u00f3n como buceador en cuevas, donde completaremos tu formaci\u00f3n, profundizando en los conocimientos y formaci\u00f3n ya asentados del curso de Cave Diver 1.<\/p>\n<p>Con este curso tendremos m\u00e1s conciencia del entorno en el que nos movemos, aumentando la penetraci\u00f3n, navegaci\u00f3n avanzada, uso de carretes de salto, mayor conciencia del equipo, resoluci\u00f3n avanzada de problemas, manejo del estr\u00e9s y uso de una botella de etapa y \/ o descompresi\u00f3n.<\/p>\n<p><strong>Requisitos:<\/strong><\/p>\n<ul>\n<li>Edad m\u00ednima de 18 a\u00f1os<\/li>\n<li>Estar en forma f\u00edsica y mentalmente<\/li>\n<li>No ser fumador<\/li>\n<li>Autorizaci\u00f3n m\u00e9dica en caso de tomar medicamentos recetados<\/li>\n<li>Haber superado el curso Cave Diver 1<\/li>\n<li>M\u00ednimo de 25 inmersiones registradas de nivel Cave Diver 1 tras la realizaci\u00f3n del curso<\/li>\n<\/ul>\n<p><strong>Formaci\u00f3n:<\/strong><\/p>\n<ul>\n<li>M\u00ednimo de 10 inmersiones en 3 cuevas de nivel 2<\/li>\n<li>M\u00ednimo de 40 horas de instrucci\u00f3n.<\/li>\n<\/ul>\n<p><strong>Duraci\u00f3n:<\/strong> 6 d\u00edas<\/p>\n<p><strong>Precio:<\/strong> Consultar<\/p>\n","protected":false},"excerpt":{"rendered":"<p>El curso GUE Cave 2 es el siguiente paso en tu formaci\u00f3n como buceador en cuevas, donde completaremos tu formaci\u00f3n, profundizando en los conocimientos y formaci\u00f3n ya asentados del curso de Cave Diver 1. Con este curso tendremos m\u00e1s conciencia del entorno en el que nos movemos, aumentando la penetraci\u00f3n, navegaci\u00f3n avanzada, uso de carretes&#8230;<\/p>\n","protected":false},"featured_media":15064,"comment_status":"closed","ping_status":"closed","template":"","meta":[],"product_cat":[242],"product_tag":[],"yst_prominent_words":[524,534,407,617],"_links":{"self":[{"href":"https:\/\/islashormigas.com\/fr\/wp-json\/wp\/v2\/product\/15062"}],"collection":[{"href":"https:\/\/islashormigas.com\/fr\/wp-json\/wp\/v2\/product"}],"about":[{"href":"https:\/\/islashormigas.com\/fr\/wp-json\/wp\/v2\/types\/product"}],"replies":[{"embeddable":true,"href":"https:\/\/islashormigas.com\/fr\/wp-json\/wp\/v2\/comments?post=15062"}],"wp:featuredmedia":[{"embeddable":true,"href":"https:\/\/islashormigas.com\/fr\/wp-json\/wp\/v2\/media\/15064"}],"wp:attachment":[{"href":"https:\/\/islashormigas.com\/fr\/wp-json\/wp\/v2\/media?parent=15062"}],"wp:term":[{"taxonomy":"product_cat","embeddable":true,"href":"https:\/\/islashormigas.com\/fr\/wp-json\/wp\/v2\/product_cat?post=15062"},{"taxonomy":"product_tag","embeddable":true,"href":"https:\/\/islashormigas.com\/fr\/wp-json\/wp\/v2\/product_tag?post=15062"},{"taxonomy":"yst_prominent_words","embeddable":true,"href":"https:\/\/islashormigas.com\/fr\/wp-json\/wp\/v2\/yst_prominent_words?post=15062"}],"curies":[{"name":"wp","href":"https:\/\/api.w.org\/{rel}","templated":true}]}}