{"id":15047,"date":"2025-03-06T12:52:59","date_gmt":"2025-03-06T12:52:59","guid":{"rendered":"https:\/\/islashormigas.com\/?post_type=product&#038;p=15047"},"modified":"2025-03-06T12:52:59","modified_gmt":"2025-03-06T12:52:59","slug":"gue-technical-diver-2","status":"publish","type":"product","link":"https:\/\/islashormigas.com\/fr\/curso\/gue-technical-diver-2\/","title":{"rendered":"GUE TECHNICAL DIVER 2"},"content":{"rendered":"<p>El curso de <strong>Technical Diver 2<\/strong> prepara a los buceadores para inmersiones y proyectos avanzados m\u00e1s all\u00e1 de 50 m \/ 170 pies mejorando sus competencias de buceo profundo al usar mezclas de helio y gases de descompresivos enriquecidos con ox\u00edgeno.<\/p>\n<p>Este curso prepara a los buceadores para profundidades de 75 m \/ 246 pies y m\u00e1s, utilizando tres o m\u00e1s botellas de etapa o gases de descompresi\u00f3n, siendo capaces de administrar su gas, tiempo de fondo y exposici\u00f3n a la descompresi\u00f3n de una manera segura y c\u00f3moda.<\/p>\n<p>Entre otros conocimientos trabajaremos el uso de m\u00faltiples etapas, el uso de trimix con mayores porcentajes de helio, el uso de protocolos de mezclas de gases hip\u00f3xicos, gesti\u00f3n de gas, manejo de ox\u00edgeno, descompresi\u00f3n extendida, estrategias de descompresi\u00f3n acelerada, omitida y general, planificaci\u00f3n de buceo, y gesti\u00f3n de m\u00faltiples botellas.<\/p>\n<p><strong>Requisitos:<\/strong><\/p>\n<ul>\n<li>Edad m\u00ednima de 18 a\u00f1os<\/li>\n<li>Estar en forma f\u00edsica y mentalmente<\/li>\n<li>No ser fumador<\/li>\n<li>Autorizaci\u00f3n m\u00e9dica en caso de tomar medicamentos recetados<\/li>\n<li>Haber aprobado el GUE Tech 1<\/li>\n<li>M\u00ednimo de 25 inmersiones registradas de nivel Tech 1 tras la realizaci\u00f3n del curso<\/li>\n<li>M\u00ednimo de 50 inmersiones registradas en una configuraci\u00f3n de doble tanque<\/li>\n<\/ul>\n<p><strong>Formaci\u00f3n:<\/strong><\/p>\n<ul>\n<li>M\u00ednimo de 7 inmersiones (incluye 3 inmersiones de experiencia trimix)<\/li>\n<li>M\u00ednimo de 48 horas de instrucci\u00f3n.<\/li>\n<\/ul>\n<p><strong>Duraci\u00f3n:<\/strong> 6 d\u00edas<\/p>\n<p><strong>Precio:<\/strong> Consultar<\/p>\n","protected":false},"excerpt":{"rendered":"<p>El curso de Technical Diver 2 prepara a los buceadores para inmersiones y proyectos avanzados m\u00e1s all\u00e1 de 50 m \/ 170 pies mejorando sus competencias de buceo profundo al usar mezclas de helio y gases de descompresivos enriquecidos con ox\u00edgeno. Este curso prepara a los buceadores para profundidades de 75 m \/ 246 pies&#8230;<\/p>\n","protected":false},"featured_media":14293,"comment_status":"closed","ping_status":"closed","template":"","meta":[],"product_cat":[242],"product_tag":[],"yst_prominent_words":[498,401,524,407],"_links":{"self":[{"href":"https:\/\/islashormigas.com\/fr\/wp-json\/wp\/v2\/product\/15047"}],"collection":[{"href":"https:\/\/islashormigas.com\/fr\/wp-json\/wp\/v2\/product"}],"about":[{"href":"https:\/\/islashormigas.com\/fr\/wp-json\/wp\/v2\/types\/product"}],"replies":[{"embeddable":true,"href":"https:\/\/islashormigas.com\/fr\/wp-json\/wp\/v2\/comments?post=15047"}],"wp:featuredmedia":[{"embeddable":true,"href":"https:\/\/islashormigas.com\/fr\/wp-json\/wp\/v2\/media\/14293"}],"wp:attachment":[{"href":"https:\/\/islashormigas.com\/fr\/wp-json\/wp\/v2\/media?parent=15047"}],"wp:term":[{"taxonomy":"product_cat","embeddable":true,"href":"https:\/\/islashormigas.com\/fr\/wp-json\/wp\/v2\/product_cat?post=15047"},{"taxonomy":"product_tag","embeddable":true,"href":"https:\/\/islashormigas.com\/fr\/wp-json\/wp\/v2\/product_tag?post=15047"},{"taxonomy":"yst_prominent_words","embeddable":true,"href":"https:\/\/islashormigas.com\/fr\/wp-json\/wp\/v2\/yst_prominent_words?post=15047"}],"curies":[{"name":"wp","href":"https:\/\/api.w.org\/{rel}","templated":true}]}}