{"id":14842,"date":"2022-03-10T12:53:20","date_gmt":"2022-03-10T12:53:20","guid":{"rendered":"https:\/\/islashormigas.com\/?post_type=product&#038;p=14842"},"modified":"2022-03-10T16:29:17","modified_gmt":"2022-03-10T16:29:17","slug":"aowd-ssi","status":"publish","type":"product","link":"https:\/\/islashormigas.com\/fr\/curso\/aowd-ssi\/","title":{"rendered":"ADVANCED ADVENTURER SSI"},"content":{"rendered":"<p class=\"p1\">Pendant cette formation tu augmenteras les connaissances acquises dans le Open Water Diver, tout en d\u00e9veloppant des techniques et des exp\u00e9riences suppl\u00e9mentaires dans des immersions sp\u00e9cifiques avec des conditions particuli\u00e8res. C\u2019est une formation \u00e0 caract\u00e8re pratique.<\/p>\n<p class=\"p1\">En plus, si tu le d\u00e9sires, tu pourras compl\u00e9ter ta formation en ajoutant la sp\u00e9cialit\u00e9 Nitrox \u00e0 ton titre Advanced \u00e0 un prix r\u00e9duit <i>(consulter les tarifs).<\/i><\/p>\n<p class=\"p2\"><b>STRUCTURE:<\/b><\/p>\n<p class=\"p1\">Le programme de la formation comprend 5 immersions (6 si nous incluons le sp\u00e9cialit\u00e9 Nitrox)\u00a0:<\/p>\n<ul>\n<li class=\"p3\">Flottabilit\u00e9<\/li>\n<li class=\"p3\">Orientation<\/li>\n<li class=\"p3\">Profonde<\/li>\n<li class=\"p3\">Epave<\/li>\n<li class=\"p3\">Nitrox 1 \/ multiniveau<\/li>\n<li class=\"p3\">Nitrox 2 * <i>(y compris sp\u00e9cialit\u00e9 Nitrox)<\/i><\/li>\n<\/ul>\n<p class=\"p2\"><b>CECI INCLUT:<\/b><\/p>\n<ul>\n<li class=\"p3\">Manuel de la formation<\/li>\n<li class=\"p3\">Cours th\u00e9oriques<\/li>\n<li class=\"p3\">Gestion du titre<\/li>\n<li class=\"p3\">Instructeur qualifi\u00e9<\/li>\n<\/ul>\n<p class=\"p2\"><b>PREREQUIS:<\/b><\/p>\n<ul>\n<li class=\"p3\">Age minimale 15 ans<\/li>\n<li class=\"p3\">Titre de Open Water o \u00e9quivalent<\/li>\n<li class=\"p3\">Assurance de plong\u00e9e en vigueur<\/li>\n<li class=\"p3\">Photos taille carte d\u2019identit\u00e9<\/li>\n<li class=\"p3\">Certificat m\u00e9dical en vigueur<\/li>\n<\/ul>\n","protected":false},"excerpt":{"rendered":"<p>Pendant cette formation tu augmenteras les connaissances acquises dans le Open Water Diver, tout en d\u00e9veloppant des techniques et des exp\u00e9riences suppl\u00e9mentaires dans des immersions sp\u00e9cifiques avec des conditions particuli\u00e8res. C\u2019est une formation \u00e0 caract\u00e8re pratique. En plus, si tu le d\u00e9sires, tu pourras compl\u00e9ter ta formation en ajoutant la sp\u00e9cialit\u00e9 Nitrox \u00e0 ton titre&#8230;<\/p>\n","protected":false},"featured_media":14844,"comment_status":"open","ping_status":"closed","template":"","meta":[],"product_cat":[157],"product_tag":[],"yst_prominent_words":[738,720,518,532,349,703,533],"_links":{"self":[{"href":"https:\/\/islashormigas.com\/fr\/wp-json\/wp\/v2\/product\/14842"}],"collection":[{"href":"https:\/\/islashormigas.com\/fr\/wp-json\/wp\/v2\/product"}],"about":[{"href":"https:\/\/islashormigas.com\/fr\/wp-json\/wp\/v2\/types\/product"}],"replies":[{"embeddable":true,"href":"https:\/\/islashormigas.com\/fr\/wp-json\/wp\/v2\/comments?post=14842"}],"wp:featuredmedia":[{"embeddable":true,"href":"https:\/\/islashormigas.com\/fr\/wp-json\/wp\/v2\/media\/14844"}],"wp:attachment":[{"href":"https:\/\/islashormigas.com\/fr\/wp-json\/wp\/v2\/media?parent=14842"}],"wp:term":[{"taxonomy":"product_cat","embeddable":true,"href":"https:\/\/islashormigas.com\/fr\/wp-json\/wp\/v2\/product_cat?post=14842"},{"taxonomy":"product_tag","embeddable":true,"href":"https:\/\/islashormigas.com\/fr\/wp-json\/wp\/v2\/product_tag?post=14842"},{"taxonomy":"yst_prominent_words","embeddable":true,"href":"https:\/\/islashormigas.com\/fr\/wp-json\/wp\/v2\/yst_prominent_words?post=14842"}],"curies":[{"name":"wp","href":"https:\/\/api.w.org\/{rel}","templated":true}]}}