{"id":14501,"date":"2019-04-26T17:34:01","date_gmt":"2019-04-26T17:34:01","guid":{"rendered":"https:\/\/islashormigas.com\/curso\/14501\/"},"modified":"2020-07-03T14:33:26","modified_gmt":"2020-07-03T14:33:26","slug":"fr-owd-ssi","status":"publish","type":"product","link":"https:\/\/islashormigas.com\/fr\/curso\/fr-owd-ssi\/","title":{"rendered":"OWD SSI"},"content":{"rendered":"<p>Le <strong>cours initial de plong\u00e9e r\u00e9cr\u00e9ative<\/strong>, OWD (Open Water Diver) a une <strong>dur\u00e9e de quatre jours<\/strong> et est divis\u00e9 en une partie th\u00e9orique et une partie pratique.<\/p>\n<p>De fa\u00e7on pratique, tous les organismes (PADI, SSI, FEDAS-CMAS, ACUC, IANTD, &#8230;) qui certifient les cours sont les m\u00eames. Ils ont tous, plus ou moins, la m\u00eame profondeur limitative et ils ont tous une validit\u00e9 et une reconnaissance internationale. Quel que soit l\u2019agence de certification (la entit\u00e9 qui d\u00e9livre les cartes de plong\u00e9e) que vous choisissez notre cours sera le m\u00eame, car, quelle que soit la carte que vous prenez, notre objectif est que vous finissiez le mieux form\u00e9 possible.<\/p>\n<p>La <strong>th\u00e9orie<\/strong> dure <strong>environ 8 heures<\/strong>.<\/p>\n<p>La partie <strong>pratique<\/strong> comprend <strong>5 plong\u00e9es<\/strong> o\u00f9 vous travaillerez sur les aspects n\u00e9cessaires \u00e0 la formation d\u2019un plongeur autonome qui r\u00e9pond aux caract\u00e9ristiques de ce dipl\u00f4me.<\/p>\n<p>En haute saison, les cours commencent les <strong>lundis<\/strong> et <strong>mercredis<\/strong>, avec une dur\u00e9e de quatre jours, comme d\u00e9j\u00e0 annonc\u00e9.<\/p>\n<p>L&rsquo;horaire est g\u00e9n\u00e9ralement le matin et l&rsquo;apr\u00e8s-midi, intercalant th\u00e9orie entre plong\u00e9e et plong\u00e9e (de 9h00 \u00e0 14h00 et de 16h00 \u00e0 19h00).<\/p>\n<p>Dans ce prix, le mat\u00e9riel didactique, le mat\u00e9riel n\u00e9cessaire pendant les activit\u00e9s, les d\u00e9parts en bateau, les assurances pendant le cours, le traitement du dipl\u00f4me et la TVA sont inclus.<\/p>\n<p>Les <strong>exigences<\/strong> n\u00e9cessaires sont un <strong>certificat m\u00e9dical<\/strong> attestant que vous \u00eates <strong>apte \u00e0 la plong\u00e9e de loisir \/ activit\u00e9s sous-marines<\/strong>.<\/p>\n<p>Pour r\u00e9server une place dans le cours, il vous suffit de nous indiquer le jour dont vous voulez commencez et de joindre votre nom complet et un num\u00e9ro de contact. Nous vous enverrons la confirmation de la r\u00e9servation<\/p>\n","protected":false},"excerpt":{"rendered":"<p>Le cours initial de plong\u00e9e r\u00e9cr\u00e9ative, OWD (Open Water Diver) a une dur\u00e9e de quatre jours et est divis\u00e9 en une partie th\u00e9orique et une partie pratique. De fa\u00e7on pratique, tous les organismes (PADI, SSI, FEDAS-CMAS, ACUC, IANTD, &#8230;) qui certifient les cours sont les m\u00eames. Ils ont tous, plus ou moins, la m\u00eame profondeur&#8230;<\/p>\n","protected":false},"featured_media":13746,"comment_status":"open","ping_status":"closed","template":"","meta":[],"product_cat":[158],"product_tag":[],"yst_prominent_words":[],"_links":{"self":[{"href":"https:\/\/islashormigas.com\/fr\/wp-json\/wp\/v2\/product\/14501"}],"collection":[{"href":"https:\/\/islashormigas.com\/fr\/wp-json\/wp\/v2\/product"}],"about":[{"href":"https:\/\/islashormigas.com\/fr\/wp-json\/wp\/v2\/types\/product"}],"replies":[{"embeddable":true,"href":"https:\/\/islashormigas.com\/fr\/wp-json\/wp\/v2\/comments?post=14501"}],"wp:featuredmedia":[{"embeddable":true,"href":"https:\/\/islashormigas.com\/fr\/wp-json\/wp\/v2\/media\/13746"}],"wp:attachment":[{"href":"https:\/\/islashormigas.com\/fr\/wp-json\/wp\/v2\/media?parent=14501"}],"wp:term":[{"taxonomy":"product_cat","embeddable":true,"href":"https:\/\/islashormigas.com\/fr\/wp-json\/wp\/v2\/product_cat?post=14501"},{"taxonomy":"product_tag","embeddable":true,"href":"https:\/\/islashormigas.com\/fr\/wp-json\/wp\/v2\/product_tag?post=14501"},{"taxonomy":"yst_prominent_words","embeddable":true,"href":"https:\/\/islashormigas.com\/fr\/wp-json\/wp\/v2\/yst_prominent_words?post=14501"}],"curies":[{"name":"wp","href":"https:\/\/api.w.org\/{rel}","templated":true}]}}