{"id":14453,"date":"2019-04-26T17:34:03","date_gmt":"2019-04-26T17:34:03","guid":{"rendered":"https:\/\/islashormigas.com\/curso\/14453\/"},"modified":"2019-10-14T09:52:18","modified_gmt":"2019-10-14T09:52:18","slug":"freediving-niveau-2","status":"publish","type":"product","link":"https:\/\/islashormigas.com\/fr\/curso\/freediving-niveau-2\/","title":{"rendered":"FREEDIVING NIVEAU 2"},"content":{"rendered":"<pre class=\"tw-data-text tw-ta tw-text-small\" data-placeholder=\"Traducci\u00f3n\"><span lang=\"fr\" tabindex=\"0\">Entra\u00eenement en apn\u00e9e guid\u00e9e tous les jeudis \u00e0 9h.\r\n<\/span><\/pre>\n<pre id=\"tw-target-text\" class=\"tw-data-text tw-ta tw-text-small\" data-placeholder=\"Traducci\u00f3n\"><span lang=\"fr\" tabindex=\"0\">Nous pr\u00e9parons ce contenu, d\u00e9sol\u00e9 pour le d\u00e9sagr\u00e9ment. Pour plus d'informations, vous pouvez contacter notre bureau.<\/span><\/pre>\n<pre id=\"tw-target-text\" class=\"tw-data-text tw-ta tw-text-small\" data-placeholder=\"Traducci\u00f3n\"><\/pre>\n","protected":false},"excerpt":{"rendered":"<p>Entra\u00eenement en apn\u00e9e guid\u00e9e tous les jeudis \u00e0 9h. Nous pr\u00e9parons ce contenu, d\u00e9sol\u00e9 pour le d\u00e9sagr\u00e9ment. Pour plus d&rsquo;informations, vous pouvez contacter notre bureau.<\/p>\n","protected":false},"featured_media":14117,"comment_status":"open","ping_status":"closed","template":"","meta":[],"product_cat":[153],"product_tag":[],"yst_prominent_words":[],"_links":{"self":[{"href":"https:\/\/islashormigas.com\/fr\/wp-json\/wp\/v2\/product\/14453"}],"collection":[{"href":"https:\/\/islashormigas.com\/fr\/wp-json\/wp\/v2\/product"}],"about":[{"href":"https:\/\/islashormigas.com\/fr\/wp-json\/wp\/v2\/types\/product"}],"replies":[{"embeddable":true,"href":"https:\/\/islashormigas.com\/fr\/wp-json\/wp\/v2\/comments?post=14453"}],"wp:featuredmedia":[{"embeddable":true,"href":"https:\/\/islashormigas.com\/fr\/wp-json\/wp\/v2\/media\/14117"}],"wp:attachment":[{"href":"https:\/\/islashormigas.com\/fr\/wp-json\/wp\/v2\/media?parent=14453"}],"wp:term":[{"taxonomy":"product_cat","embeddable":true,"href":"https:\/\/islashormigas.com\/fr\/wp-json\/wp\/v2\/product_cat?post=14453"},{"taxonomy":"product_tag","embeddable":true,"href":"https:\/\/islashormigas.com\/fr\/wp-json\/wp\/v2\/product_tag?post=14453"},{"taxonomy":"yst_prominent_words","embeddable":true,"href":"https:\/\/islashormigas.com\/fr\/wp-json\/wp\/v2\/yst_prominent_words?post=14453"}],"curies":[{"name":"wp","href":"https:\/\/api.w.org\/{rel}","templated":true}]}}