{"id":14447,"date":"2019-04-30T16:40:24","date_gmt":"2019-04-30T16:40:24","guid":{"rendered":"https:\/\/islashormigas.com\/curso\/guide-de-groupe\/"},"modified":"2019-06-14T16:54:36","modified_gmt":"2019-06-14T16:54:36","slug":"guide-de-groupe","status":"publish","type":"product","link":"https:\/\/islashormigas.com\/fr\/curso\/guide-de-groupe\/","title":{"rendered":"GG &#8211; GUIDE DE GROUPE"},"content":{"rendered":"<p>Nous pr\u00e9parons ce contenu, d\u00e9sol\u00e9 pour le d\u00e9sagr\u00e9ment. Pour plus d&rsquo;informations, vous pouvez contacter notre bureau.<\/p>\n","protected":false},"excerpt":{"rendered":"<p>Nous pr\u00e9parons ce contenu, d\u00e9sol\u00e9 pour le d\u00e9sagr\u00e9ment. Pour plus d&rsquo;informations, vous pouvez contacter notre bureau.<\/p>\n","protected":false},"featured_media":14193,"comment_status":"open","ping_status":"closed","template":"","meta":[],"product_cat":[236],"product_tag":[],"yst_prominent_words":[],"_links":{"self":[{"href":"https:\/\/islashormigas.com\/fr\/wp-json\/wp\/v2\/product\/14447"}],"collection":[{"href":"https:\/\/islashormigas.com\/fr\/wp-json\/wp\/v2\/product"}],"about":[{"href":"https:\/\/islashormigas.com\/fr\/wp-json\/wp\/v2\/types\/product"}],"replies":[{"embeddable":true,"href":"https:\/\/islashormigas.com\/fr\/wp-json\/wp\/v2\/comments?post=14447"}],"wp:featuredmedia":[{"embeddable":true,"href":"https:\/\/islashormigas.com\/fr\/wp-json\/wp\/v2\/media\/14193"}],"wp:attachment":[{"href":"https:\/\/islashormigas.com\/fr\/wp-json\/wp\/v2\/media?parent=14447"}],"wp:term":[{"taxonomy":"product_cat","embeddable":true,"href":"https:\/\/islashormigas.com\/fr\/wp-json\/wp\/v2\/product_cat?post=14447"},{"taxonomy":"product_tag","embeddable":true,"href":"https:\/\/islashormigas.com\/fr\/wp-json\/wp\/v2\/product_tag?post=14447"},{"taxonomy":"yst_prominent_words","embeddable":true,"href":"https:\/\/islashormigas.com\/fr\/wp-json\/wp\/v2\/yst_prominent_words?post=14447"}],"curies":[{"name":"wp","href":"https:\/\/api.w.org\/{rel}","templated":true}]}}