{"id":14446,"date":"2019-04-26T17:34:01","date_gmt":"2019-04-26T17:34:01","guid":{"rendered":"https:\/\/islashormigas.com\/curso\/plongee-technique\/"},"modified":"2025-03-06T12:50:46","modified_gmt":"2025-03-06T12:50:46","slug":"plongee-technique","status":"publish","type":"product","link":"https:\/\/islashormigas.com\/fr\/curso\/plongee-technique\/","title":{"rendered":"PLONG\u00c9E TECHNIQUE"},"content":{"rendered":"<p>Nous pr\u00e9parons cette information et serons bient\u00f4t disponible, d\u00e9sol\u00e9e pour le d\u00e9sagr\u00e9ment occasionn\u00e9.<\/p>\n<p><img loading=\"lazy\" class=\"alignleft size-large wp-image-14014\" src=\"https:\/\/islashormigas.com\/wp-content\/uploads\/2018\/07\/D71_0289-1024x683.jpg\" alt=\"\" width=\"1024\" height=\"683\" srcset=\"https:\/\/islashormigas.com\/wp-content\/uploads\/2018\/07\/D71_0289-1024x683.jpg 1024w, https:\/\/islashormigas.com\/wp-content\/uploads\/2018\/07\/D71_0289-600x400.jpg 600w, https:\/\/islashormigas.com\/wp-content\/uploads\/2018\/07\/D71_0289-300x200.jpg 300w, https:\/\/islashormigas.com\/wp-content\/uploads\/2018\/07\/D71_0289-768x512.jpg 768w, https:\/\/islashormigas.com\/wp-content\/uploads\/2018\/07\/D71_0289-580x387.jpg 580w, https:\/\/islashormigas.com\/wp-content\/uploads\/2018\/07\/D71_0289-860x573.jpg 860w, https:\/\/islashormigas.com\/wp-content\/uploads\/2018\/07\/D71_0289-1160x773.jpg 1160w, https:\/\/islashormigas.com\/wp-content\/uploads\/2018\/07\/D71_0289.jpg 1920w\" sizes=\"(max-width: 1024px) 100vw, 1024px\" \/><\/p>\n","protected":false},"excerpt":{"rendered":"<p>Nous pr\u00e9parons cette information et serons bient\u00f4t disponible, d\u00e9sol\u00e9e pour le d\u00e9sagr\u00e9ment occasionn\u00e9.<\/p>\n","protected":false},"featured_media":0,"comment_status":"open","ping_status":"closed","template":"","meta":[],"product_cat":[242],"product_tag":[],"yst_prominent_words":[],"_links":{"self":[{"href":"https:\/\/islashormigas.com\/fr\/wp-json\/wp\/v2\/product\/14446"}],"collection":[{"href":"https:\/\/islashormigas.com\/fr\/wp-json\/wp\/v2\/product"}],"about":[{"href":"https:\/\/islashormigas.com\/fr\/wp-json\/wp\/v2\/types\/product"}],"replies":[{"embeddable":true,"href":"https:\/\/islashormigas.com\/fr\/wp-json\/wp\/v2\/comments?post=14446"}],"wp:attachment":[{"href":"https:\/\/islashormigas.com\/fr\/wp-json\/wp\/v2\/media?parent=14446"}],"wp:term":[{"taxonomy":"product_cat","embeddable":true,"href":"https:\/\/islashormigas.com\/fr\/wp-json\/wp\/v2\/product_cat?post=14446"},{"taxonomy":"product_tag","embeddable":true,"href":"https:\/\/islashormigas.com\/fr\/wp-json\/wp\/v2\/product_tag?post=14446"},{"taxonomy":"yst_prominent_words","embeddable":true,"href":"https:\/\/islashormigas.com\/fr\/wp-json\/wp\/v2\/yst_prominent_words?post=14446"}],"curies":[{"name":"wp","href":"https:\/\/api.w.org\/{rel}","templated":true}]}}