{"id":14387,"date":"2019-04-26T17:34:02","date_gmt":"2019-04-26T17:34:02","guid":{"rendered":"https:\/\/islashormigas.com\/curso\/rescue\/"},"modified":"2019-10-14T09:54:38","modified_gmt":"2019-10-14T09:54:38","slug":"fr-rescue","status":"publish","type":"product","link":"https:\/\/islashormigas.com\/fr\/curso\/fr-rescue\/","title":{"rendered":"RESCUE"},"content":{"rendered":"<p>Cette formation augmentera ton niveau de connaissances et ton exp\u00e9rience en plong\u00e9e. Les Rescue Divers apprennent \u00e0 regarder au-del\u00e0 d\u2019eux-m\u00eames et \u00e0 prendre en compte la s\u00e9curit\u00e9 et le bien \u00eatre des autres plongeurs. M\u00eame s\u2019il s\u2019agit d\u2019un cours exigeant, c\u2019est une forme gratifiante de d\u00e9velopper ton assurance.<\/p>\n<p>L\u2019entrainement de Rescue Diver te pr\u00e9pare pour pr\u00e9venir beaucoup de probl\u00e8mes et, s\u2019il est n\u00e9cessaire, \u00e0 g\u00e9rer des urgences en plong\u00e9e. Beaucoup de plongeurs d\u00e9clarent que c\u2019est la meilleure formation qu\u2019ils ont r\u00e9alis\u00e9. Tu verras\u00a0:<\/p>\n<ul>\n<li>Auto-sauvetage et stress du plongeur<\/li>\n<li>Equipement et gestion des urgences<\/li>\n<li>R\u00e9ponse devant un plongeur en \u00e9tat de panique. Protocoles de sauvetage dans l\u2019eau.<\/li>\n<li>Simulations d\u2019accidents de plong\u00e9e<\/li>\n<\/ul>\n<p><b>Ceci inclut:<\/b><\/p>\n<ul>\n<li class=\"p3\">Mat\u00e9riel didactique<\/li>\n<li class=\"p3\">4 immersions<\/li>\n<li class=\"p3\">Gestion du titre<\/li>\n<li class=\"p3\">Instructeur qualifi\u00e9 avec une solide exp\u00e9rience<\/li>\n<\/ul>\n<p><b>Prerequis:<\/b><\/p>\n<ul>\n<li class=\"p3\">Avoir plus de 16 ans<\/li>\n<li class=\"p3\">Avoir le titre Advance ou \u00e9quivalent<\/li>\n<li class=\"p3\">Avoir plus de 20 immersions<\/li>\n<\/ul>\n","protected":false},"excerpt":{"rendered":"<p>Cette formation augmentera ton niveau de connaissances et ton exp\u00e9rience en plong\u00e9e. Les Rescue Divers apprennent \u00e0 regarder au-del\u00e0 d\u2019eux-m\u00eames et \u00e0 prendre en compte la s\u00e9curit\u00e9 et le bien \u00eatre des autres plongeurs. M\u00eame s\u2019il s\u2019agit d\u2019un cours exigeant, c\u2019est une forme gratifiante de d\u00e9velopper ton assurance. L\u2019entrainement de Rescue Diver te pr\u00e9pare pour&#8230;<\/p>\n","protected":false},"featured_media":13505,"comment_status":"open","ping_status":"closed","template":"","meta":[],"product_cat":[238],"product_tag":[],"yst_prominent_words":[],"_links":{"self":[{"href":"https:\/\/islashormigas.com\/fr\/wp-json\/wp\/v2\/product\/14387"}],"collection":[{"href":"https:\/\/islashormigas.com\/fr\/wp-json\/wp\/v2\/product"}],"about":[{"href":"https:\/\/islashormigas.com\/fr\/wp-json\/wp\/v2\/types\/product"}],"replies":[{"embeddable":true,"href":"https:\/\/islashormigas.com\/fr\/wp-json\/wp\/v2\/comments?post=14387"}],"wp:featuredmedia":[{"embeddable":true,"href":"https:\/\/islashormigas.com\/fr\/wp-json\/wp\/v2\/media\/13505"}],"wp:attachment":[{"href":"https:\/\/islashormigas.com\/fr\/wp-json\/wp\/v2\/media?parent=14387"}],"wp:term":[{"taxonomy":"product_cat","embeddable":true,"href":"https:\/\/islashormigas.com\/fr\/wp-json\/wp\/v2\/product_cat?post=14387"},{"taxonomy":"product_tag","embeddable":true,"href":"https:\/\/islashormigas.com\/fr\/wp-json\/wp\/v2\/product_tag?post=14387"},{"taxonomy":"yst_prominent_words","embeddable":true,"href":"https:\/\/islashormigas.com\/fr\/wp-json\/wp\/v2\/yst_prominent_words?post=14387"}],"curies":[{"name":"wp","href":"https:\/\/api.w.org\/{rel}","templated":true}]}}