{"id":14381,"date":"2019-04-26T17:34:00","date_gmt":"2019-04-26T17:34:00","guid":{"rendered":"https:\/\/islashormigas.com\/curso\/aowd\/"},"modified":"2019-10-14T09:56:36","modified_gmt":"2019-10-14T09:56:36","slug":"fr-aowd","status":"publish","type":"product","link":"https:\/\/islashormigas.com\/fr\/curso\/fr-aowd\/","title":{"rendered":"AOWD"},"content":{"rendered":"<p class=\"p1\"><b>Structure<\/b><\/p>\n<p>Il y a une partie th\u00e9orique et une partie pratique<\/p>\n<ul>\n<li class=\"p2\">La partie th\u00e9orique a une dur\u00e9e approximativement 8 heures, au cours desquelles lesquelles nous allons travailler les connaissances th\u00e9oriques pour pouvoir plonger en toute s\u00e9curit\u00e9. Ceci inclut la r\u00e9alisation des \u00e9preuves d\u2019\u00e9valuation du contenu par les \u00e9l\u00e8ves.<\/li>\n<li class=\"p2\">La partie pratique est compos\u00e9e de 5 immersions o\u00f9 nous allons apprendre les aptitudes n\u00e9cessaires pour pouvoir devenir tout un plongeur certifi\u00e9. Toutes les immersions seront dans la mer, avec sortie en bateau et toujours sous la supervision d\u2019un instructeur.<\/li>\n<\/ul>\n<p class=\"p1\"><b>Ceci inclut<\/b><\/p>\n<ul>\n<li class=\"p2\">Mat\u00e9riel didactique<\/li>\n<li class=\"p2\">Cours th\u00e9oriques<\/li>\n<li class=\"p2\">Equipement complet durant les immersions<\/li>\n<li class=\"p2\">Gestion du titre<\/li>\n<li class=\"p2\">Assurance pendant la formation<\/li>\n<li class=\"p2\">Instructeur qualifi\u00e9 avec une solide exp\u00e9rience<\/li>\n<li class=\"p2\">D\u00e9placement en bateau<\/li>\n<\/ul>\n<p class=\"p1\"><b>Prerequis:<\/b><\/p>\n<ul>\n<li class=\"p2\">Age minimum 12 ans<\/li>\n<li class=\"p2\">2 photos taille pi\u00e8ce d\u2019identit\u00e9<\/li>\n<li class=\"p2\">1 certificat m\u00e9dical qui certifi\u00e9 que tu es \u00ab\u00a0apte pour la pratique de la plong\u00e9e ou les activit\u00e9s subaquatiques\u00a0\u00bb<\/li>\n<li class=\"p2\">Serviette et maillot de bain<\/li>\n<\/ul>\n","protected":false},"excerpt":{"rendered":"<p>Structure Il y a une partie th\u00e9orique et une partie pratique La partie th\u00e9orique a une dur\u00e9e approximativement 8 heures, au cours desquelles lesquelles nous allons travailler les connaissances th\u00e9oriques pour pouvoir plonger en toute s\u00e9curit\u00e9. Ceci inclut la r\u00e9alisation des \u00e9preuves d\u2019\u00e9valuation du contenu par les \u00e9l\u00e8ves. La partie pratique est compos\u00e9e de 5&#8230;<\/p>\n","protected":false},"featured_media":14193,"comment_status":"open","ping_status":"closed","template":"","meta":[],"product_cat":[157],"product_tag":[],"yst_prominent_words":[],"_links":{"self":[{"href":"https:\/\/islashormigas.com\/fr\/wp-json\/wp\/v2\/product\/14381"}],"collection":[{"href":"https:\/\/islashormigas.com\/fr\/wp-json\/wp\/v2\/product"}],"about":[{"href":"https:\/\/islashormigas.com\/fr\/wp-json\/wp\/v2\/types\/product"}],"replies":[{"embeddable":true,"href":"https:\/\/islashormigas.com\/fr\/wp-json\/wp\/v2\/comments?post=14381"}],"wp:featuredmedia":[{"embeddable":true,"href":"https:\/\/islashormigas.com\/fr\/wp-json\/wp\/v2\/media\/14193"}],"wp:attachment":[{"href":"https:\/\/islashormigas.com\/fr\/wp-json\/wp\/v2\/media?parent=14381"}],"wp:term":[{"taxonomy":"product_cat","embeddable":true,"href":"https:\/\/islashormigas.com\/fr\/wp-json\/wp\/v2\/product_cat?post=14381"},{"taxonomy":"product_tag","embeddable":true,"href":"https:\/\/islashormigas.com\/fr\/wp-json\/wp\/v2\/product_tag?post=14381"},{"taxonomy":"yst_prominent_words","embeddable":true,"href":"https:\/\/islashormigas.com\/fr\/wp-json\/wp\/v2\/yst_prominent_words?post=14381"}],"curies":[{"name":"wp","href":"https:\/\/api.w.org\/{rel}","templated":true}]}}