{"id":14536,"date":"2019-08-08T08:40:31","date_gmt":"2019-08-08T08:40:31","guid":{"rendered":"https:\/\/islashormigas.com\/rutas-snorkel\/"},"modified":"2026-01-29T10:50:01","modified_gmt":"2026-01-29T10:50:01","slug":"rutas-snorkel","status":"publish","type":"page","link":"https:\/\/islashormigas.com\/fr\/snorkel-routes\/","title":{"rendered":"Snorkel Routes"},"content":{"rendered":"<div id=\"cmsmasters_row_zmvstro9r\" class=\"cmsmasters_row cmsmasters_color_scheme_default cmsmasters_row_top_default cmsmasters_row_bot_default cmsmasters_row_boxed\">\n<div class=\"cmsmasters_row_outer_parent\">\n<div class=\"cmsmasters_row_outer\">\n<div class=\"cmsmasters_row_inner\">\n<div class=\"cmsmasters_row_margin\">\n<div id=\"cmsmasters_column_\" class=\"cmsmasters_column one_first\">\n<div class=\"cmsmasters_column_inner\"><div id=\"cmsmasters_heading_gmkg4lu5bo\" class=\"cmsmasters_heading_wrap cmsmasters_heading_align_left\">\n\t<h2 class=\"cmsmasters_heading\">La Route de Snorkel <\/h2>\n<\/div><div class=\"cmsmasters_text\">\n<p>La Route de <strong>Snorkel<\/strong> est une activit\u00e9 con\u00e7ue pour qu\u2019un groupe de 4 ou plus personnes puisse passer un apr\u00e8s-midi diff\u00e8rent.<\/p>\n<\/div>\n<div id=\"cmsmasters_divider_4twnosghe9\" class=\"cmsmasters_divider cmsmasters_divider_width_long cmsmasters_divider_pos_center\"><\/div>\n<\/div><\/div>\n<\/div>\n<\/div>\n<\/div>\n<\/div>\n<\/div>\n<div id=\"cmsmasters_row_h05lcdcg2\" class=\"cmsmasters_row cmsmasters_color_scheme_default cmsmasters_row_top_default cmsmasters_row_bot_default cmsmasters_row_boxed\">\n<div class=\"cmsmasters_row_outer_parent\">\n<div class=\"cmsmasters_row_outer\">\n<div class=\"cmsmasters_row_inner\">\n<div class=\"cmsmasters_row_margin\">\n<div id=\"cmsmasters_column_\" class=\"cmsmasters_column one_third\">\n<div class=\"cmsmasters_column_inner\"><div id=\"cmsmasters_heading_30czomu3hi\" class=\"cmsmasters_heading_wrap cmsmasters_heading_align_left\">\n\t<h2 class=\"cmsmasters_heading\">Structure<\/h2>\n<\/div>\n<div id=\"cmsmasters_divider_2jxwpuj6p\" class=\"cmsmasters_divider cmsmasters_divider_width_short cmsmasters_divider_pos_left\"><\/div>\n<div class=\"cmsmasters_text\" data-animation=\"fadeIn\" data-delay=\"0\">\n<p>Le rendez-vous serait au centre a 17 heures et il faudrait se pr\u00e9parer.<\/p>\n<p>Le d\u00e9part serait vers 17h30 du port dans un de nos 4 bateaux.<\/p>\n<p>Nous ferons une route le long la c\u00f4te de Cabo de Palos jusqu\u2019\u00e0 l\u2019une des criques situ\u00e9es a la pointe du cap, sous le phare.<\/p>\n<p>Le bateau jettera l\u2019ancre et avec votre guide, vous ferez une route dans ses eaux profitant de la vie sous-marine de nos c\u00f4tes.<\/p>\n<p>Vous serez dans l\u2019eau environ 50 minutes.<\/p>\n<\/div>\n<\/div><\/div>\n<div id=\"cmsmasters_column_\" class=\"cmsmasters_column one_third\">\n<div class=\"cmsmasters_column_inner\"><div id=\"cmsmasters_heading_q4x6mofjcg\" class=\"cmsmasters_heading_wrap cmsmasters_heading_align_left\">\n\t<h2 class=\"cmsmasters_heading\">Cela inclut<\/h2>\n<\/div>\n<div id=\"cmsmasters_divider_o15ee1sown\" class=\"cmsmasters_divider cmsmasters_divider_width_short cmsmasters_divider_pos_left\"><\/div>\n<div class=\"cmsmasters_text\" data-animation=\"fadeIn\" data-delay=\"0\">\n<ul>\n<li class=\"p1\"><span class=\"s1\">Tout l\u2019\u00e9quipement n\u00e9cessaire pour r\u00e9aliser l\u2019immersion<\/span><\/li>\n<li class=\"p1\"><span class=\"s1\">Assurance au cours de l\u2019activit\u00e9<\/span><\/li>\n<li class=\"p1\"><span class=\"s1\">Explications de base des connaissances n\u00e9cessaires pour la pratique de l\u2019activit\u00e9<\/span><\/li>\n<li class=\"p1\"><span class=\"s1\">Instructeur ou Dive Master qualifi\u00e9<\/span><\/li>\n<li class=\"p1\"><span class=\"s1\">D\u00e9placement en bateau<\/span><\/li>\n<li class=\"p1\">Tube de plong\u00e9e cadeau usage exclusif<\/li>\n<\/ul>\n<p>&nbsp;<\/p>\n<\/div>\n<\/div><\/div>\n<div id=\"cmsmasters_column_\" class=\"cmsmasters_column one_third\">\n<div class=\"cmsmasters_column_inner\"><div id=\"cmsmasters_heading_cwzi600jdl\" class=\"cmsmasters_heading_wrap cmsmasters_heading_align_left\">\n\t<h2 class=\"cmsmasters_heading\">Pr\u00e9requis<\/h2>\n<\/div>\n<div id=\"cmsmasters_divider_kjvfi8w2ja\" class=\"cmsmasters_divider cmsmasters_divider_width_short cmsmasters_divider_pos_left\"><\/div>\n<div class=\"cmsmasters_text\" data-animation=\"fadeIn\" data-delay=\"0\">\n<p class=\"p1\">Savoir nager<\/p>\n<\/div>\n<div id=\"cmsmasters_heading_f0f9jwn5n\" class=\"cmsmasters_heading_wrap cmsmasters_heading_align_left\">\n\t<h2 class=\"cmsmasters_heading\">Prix<\/h2>\n<\/div>\n<div id=\"cmsmasters_divider_14mtwjwzqg\" class=\"cmsmasters_divider cmsmasters_divider_width_short cmsmasters_divider_pos_left\"><\/div>\n<div class=\"cmsmasters_text\" data-animation=\"fadeIn\" data-delay=\"0\">\n<h4 class=\"p1\"><strong>38 \u20ac<\/strong><\/h4>\n<p>Le prix par personne est de 38 \u20ac (groupe minimum de 4 personnes m\u00eame si nous pouvons aussi prendre de pr\u00e9r\u00e9servassions et vous \u00e0 joindre d\u2019autres couples\/personnes).<\/p>\n<\/div>\n<\/div><\/div>\n<\/div>\n<\/div>\n<\/div>\n<\/div>\n<\/div>\n\n","protected":false},"excerpt":{"rendered":"","protected":false},"author":1,"featured_media":0,"parent":0,"menu_order":0,"comment_status":"closed","ping_status":"closed","template":"","meta":[],"yst_prominent_words":[738,720,736,715,716,700,714,429],"_links":{"self":[{"href":"https:\/\/islashormigas.com\/fr\/wp-json\/wp\/v2\/pages\/14536"}],"collection":[{"href":"https:\/\/islashormigas.com\/fr\/wp-json\/wp\/v2\/pages"}],"about":[{"href":"https:\/\/islashormigas.com\/fr\/wp-json\/wp\/v2\/types\/page"}],"author":[{"embeddable":true,"href":"https:\/\/islashormigas.com\/fr\/wp-json\/wp\/v2\/users\/1"}],"replies":[{"embeddable":true,"href":"https:\/\/islashormigas.com\/fr\/wp-json\/wp\/v2\/comments?post=14536"}],"version-history":[{"count":5,"href":"https:\/\/islashormigas.com\/fr\/wp-json\/wp\/v2\/pages\/14536\/revisions"}],"predecessor-version":[{"id":15098,"href":"https:\/\/islashormigas.com\/fr\/wp-json\/wp\/v2\/pages\/14536\/revisions\/15098"}],"wp:attachment":[{"href":"https:\/\/islashormigas.com\/fr\/wp-json\/wp\/v2\/media?parent=14536"}],"wp:term":[{"taxonomy":"yst_prominent_words","embeddable":true,"href":"https:\/\/islashormigas.com\/fr\/wp-json\/wp\/v2\/yst_prominent_words?post=14536"}],"curies":[{"name":"wp","href":"https:\/\/api.w.org\/{rel}","templated":true}]}}