{"id":14514,"date":"2016-09-16T10:30:44","date_gmt":"2016-09-16T10:30:44","guid":{"rendered":"https:\/\/islashormigas.com\/bautizos-buceo\/"},"modified":"2026-01-29T10:48:06","modified_gmt":"2026-01-29T10:48:06","slug":"bautizos-buceo","status":"publish","type":"page","link":"https:\/\/islashormigas.com\/fr\/baptemes\/","title":{"rendered":"Bapt\u00eames"},"content":{"rendered":"<div id=\"cmsmasters_row_2bae1cc328\" class=\"cmsmasters_row cmsmasters_color_scheme_default cmsmasters_row_top_default cmsmasters_row_bot_default cmsmasters_row_boxed\">\n<div class=\"cmsmasters_row_outer_parent\">\n<div class=\"cmsmasters_row_outer\">\n<div class=\"cmsmasters_row_inner\">\n<div class=\"cmsmasters_row_margin\">\n<div id=\"cmsmasters_column_\" class=\"cmsmasters_column one_first\">\n<div class=\"cmsmasters_column_inner\"><div class=\"aligncenter\"><div class=\"cmsmasters_img  cmsmasters_image_c\"><img src=\"https:\/\/islashormigas.com\/wp-content\/uploads\/2018\/07\/D717306.jpg\" alt=\"Bautizos de Buceo\" \/><\/div><\/div><div id=\"cmsmasters_heading_93e9020f05\" class=\"cmsmasters_heading_wrap cmsmasters_heading_align_left\">\n\t<h2 class=\"cmsmasters_heading\">Bapt\u00eames<\/h2>\n<\/div><div class=\"cmsmasters_text\">\n<p class=\"p1\"><span class=\"s1\">Une exp\u00e9rience parfaite pour ceux qui n\u2019ont jamais plong\u00e9e et \/ ou qui n\u2019ont pas un titre de plong\u00e9e. Une immersion peu profonde, guid\u00e9e par un instructeur qui t\u2019accompagnera pendant toute l\u2019exp\u00e9rience en s\u2019assurant que tu vas profiter d\u2019une plong\u00e9e agr\u00e9able et s\u00e9curis\u00e9e. Tu d\u00e9couvriras des sensations comme l\u2019apesanteur, respirer avec l\u2019\u00e9quipement autonome et profiter du monde sous-marin.<\/span><\/p>\n<\/div>\n<div id=\"cmsmasters_divider_33aacf25a4\" class=\"cmsmasters_divider cmsmasters_divider_width_long cmsmasters_divider_pos_center\"><\/div>\n<\/div><\/div>\n<\/div>\n<\/div>\n<\/div>\n<\/div>\n<\/div>\n<div id=\"cmsmasters_row_6fc9e5d85a\" class=\"cmsmasters_row cmsmasters_color_scheme_default cmsmasters_row_top_default cmsmasters_row_bot_default cmsmasters_row_boxed\">\n<div class=\"cmsmasters_row_outer_parent\">\n<div class=\"cmsmasters_row_outer\">\n<div class=\"cmsmasters_row_inner\">\n<div class=\"cmsmasters_row_margin\">\n<div id=\"cmsmasters_column_\" class=\"cmsmasters_column one_third\">\n<div class=\"cmsmasters_column_inner\"><div id=\"cmsmasters_heading_5f0b2805db\" class=\"cmsmasters_heading_wrap cmsmasters_heading_align_left\">\n\t<h2 class=\"cmsmasters_heading\">Structure<\/h2>\n<\/div>\n<div id=\"cmsmasters_divider_6531453ace\" class=\"cmsmasters_divider cmsmasters_divider_width_short cmsmasters_divider_pos_left\"><\/div>\n<div class=\"cmsmasters_text\" data-animation=\"fadeIn\" data-delay=\"0\">\n<p class=\"p1\"><span class=\"s1\">Apr\u00e8s une introduction th\u00e9orique \u00e0 l\u2019activit\u00e9 nous nous \u00e9quiperons et nous irons jusqu\u2019\u00e0 un endroit id\u00e9al pour la plong\u00e9e (selon d\u00e9pendant des conditions du jour). Nous allons plonger avec \u00e9quipement autonome guid\u00e9s par un instructeur dans une proportion de 1:2. Une fois que l\u2019immersion sera finie nous allons retourner au centre pour prendre une douche et ranger l\u2019\u00e9quipement.<\/span><\/p>\n<p class=\"p1\"><span class=\"s1\">L\u2019activit\u00e9 compl\u00e8te aura une dur\u00e9e de trois heures, desquelles, approximativement 40 minutes seront dans l\u2019eau<\/span><\/p>\n<\/div>\n<\/div><\/div>\n<div id=\"cmsmasters_column_\" class=\"cmsmasters_column one_third\">\n<div class=\"cmsmasters_column_inner\"><div id=\"cmsmasters_heading_fe8b58a244\" class=\"cmsmasters_heading_wrap cmsmasters_heading_align_left\">\n\t<h2 class=\"cmsmasters_heading\">Cela inclut<\/h2>\n<\/div>\n<div id=\"cmsmasters_divider_93d3049ff2\" class=\"cmsmasters_divider cmsmasters_divider_width_short cmsmasters_divider_pos_left\"><\/div>\n<div class=\"cmsmasters_text\" data-animation=\"fadeIn\" data-delay=\"0\">\n<ul>\n<li class=\"p1\"><span class=\"s1\">Tout l\u2019\u00e9quipement n\u00e9cessaire pour r\u00e9aliser l\u2019immersion<\/span><\/li>\n<li class=\"p1\"><span class=\"s1\">Assurance au cours de l\u2019activit\u00e9<\/span><\/li>\n<li class=\"p1\"><span class=\"s1\">Explications de base des connaissances n\u00e9cessaires pour la pratique de l\u2019activit\u00e9<\/span><\/li>\n<li class=\"p1\"><span class=\"s1\">Instructeur ou Dive Master qualifi\u00e9<\/span><\/li>\n<li class=\"p1\"><span class=\"s1\">D\u00e9placement en bateau<\/span><\/li>\n<\/ul>\n<\/div>\n<\/div><\/div>\n<div id=\"cmsmasters_column_\" class=\"cmsmasters_column one_third\">\n<div class=\"cmsmasters_column_inner\"><div id=\"cmsmasters_heading_2d5e59555e\" class=\"cmsmasters_heading_wrap cmsmasters_heading_align_left\">\n\t<h2 class=\"cmsmasters_heading\">Pr\u00e9requis<\/h2>\n<\/div>\n<div id=\"cmsmasters_divider_15be326c27\" class=\"cmsmasters_divider cmsmasters_divider_width_short cmsmasters_divider_pos_left\"><\/div>\n<div class=\"cmsmasters_text\" data-animation=\"fadeIn\" data-delay=\"0\">\n<p class=\"p1\"><span class=\"s1\">Age minimal de 12 ans<\/span><\/p>\n<\/div>\n<div id=\"cmsmasters_heading_kfews8ifft\" class=\"cmsmasters_heading_wrap cmsmasters_heading_align_left\">\n\t<h2 class=\"cmsmasters_heading\">Prix<\/h2>\n<\/div>\n<div id=\"cmsmasters_divider_alx0uxfyz\" class=\"cmsmasters_divider cmsmasters_divider_width_short cmsmasters_divider_pos_left\"><\/div>\n<div class=\"cmsmasters_text\" data-animation=\"fadeIn\" data-delay=\"0\">\n<h4 class=\"p1\"><span class=\"s1\"><b>95 \u20ac<\/b><\/span><\/h4>\n<p class=\"p2\"><span class=\"s1\">Groupes de 4 \u00e0 10 personnes <b>85 \u20ac<\/b><\/span><\/p>\n<p class=\"p2\"><span class=\"s1\">Groupes 11 personnes ou plus <b>CONSULTER<\/b><\/span><\/p>\n<\/div>\n<\/div><\/div>\n<\/div>\n<\/div>\n<\/div>\n<\/div>\n<\/div>\n<div id=\"cmsmasters_row_1cd4ff0c12\" class=\"cmsmasters_row cmsmasters_color_scheme_default cmsmasters_row_top_default cmsmasters_row_bot_default cmsmasters_row_boxed\">\n<div class=\"cmsmasters_row_outer_parent\">\n<div class=\"cmsmasters_row_outer\">\n<div class=\"cmsmasters_row_inner\">\n<div class=\"cmsmasters_row_margin\">\n<div id=\"cmsmasters_column_\" class=\"cmsmasters_column one_first\">\n<div class=\"cmsmasters_column_inner\">\n<div id=\"cmsmasters_divider_9905b24223\" class=\"cmsmasters_divider cmsmasters_divider_width_long cmsmasters_divider_pos_center\"><\/div>\n<div id=\"cmsmasters_heading_909bc7ba16\" class=\"cmsmasters_heading_wrap cmsmasters_heading_align_left\">\n\t<h2 class=\"cmsmasters_heading\">Reserve un bapt\u00eame maintenant<\/h2>\n<\/div><div id=\"cmsmasters_heading_1dd3c337e4\" class=\"cmsmasters_heading_wrap cmsmasters_heading_align_left\">\n\t<h2 class=\"cmsmasters_heading\">Remplis notre formulaire de demande de r\u00e9servation. Notre \u00e9quipe se mettra en contact avec toi le plus rapidement possible pour te confirmer la r\u00e9servation.<\/h2>\n<\/div><div id=\"cmsmasters_heading_ltjross7ow\" class=\"cmsmasters_heading_wrap cmsmasters_heading_align_left\">\n\t<h4 class=\"cmsmasters_heading\">TOUTES LES R\u00c9SERVATIONS DOIVENT \u00caTRE CONFIRM\u00c9ES PAR EMAIL<\/h4>\n<\/div>\n<div class=\"cmsmasters_contact_form\" data-animation=\"fadeIn\" data-delay=\"0\"><div role=\"form\" class=\"wpcf7\" id=\"wpcf7-f14019-o1\" lang=\"es-ES\" dir=\"ltr\">\n<div class=\"screen-reader-response\"><p role=\"status\" aria-live=\"polite\" aria-atomic=\"true\"><\/p> <ul><\/ul><\/div>\n<form action=\"\/fr\/wp-json\/wp\/v2\/pages\/14514#wpcf7-f14019-o1\" method=\"post\" class=\"wpcf7-form init\" novalidate=\"novalidate\" data-status=\"init\">\n<div style=\"display: none;\">\n<input type=\"hidden\" name=\"_wpcf7\" value=\"14019\" \/>\n<input type=\"hidden\" name=\"_wpcf7_version\" value=\"5.5.5\" \/>\n<input type=\"hidden\" name=\"_wpcf7_locale\" value=\"es_ES\" \/>\n<input type=\"hidden\" name=\"_wpcf7_unit_tag\" value=\"wpcf7-f14019-o1\" \/>\n<input type=\"hidden\" name=\"_wpcf7_container_post\" value=\"0\" \/>\n<input type=\"hidden\" name=\"_wpcf7_posted_data_hash\" value=\"\" \/>\n<\/div>\n<p><span class=\"wpcf7-form-control-wrap theemail\"><input type=\"email\" name=\"theemail\" value=\"\" size=\"40\" class=\"wpcf7-form-control wpcf7-text wpcf7-email wpcf7-validates-as-required wpcf7-validates-as-email\" aria-required=\"true\" aria-invalid=\"false\" placeholder=\"Email\" \/><\/span><\/p>\n<p><span class=\"wpcf7-form-control-wrap elmensaje\"><textarea name=\"elmensaje\" cols=\"40\" rows=\"3\" class=\"wpcf7-form-control wpcf7-textarea wpcf7-validates-as-required\" aria-required=\"true\" aria-invalid=\"false\" placeholder=\"Message\"><\/textarea><\/span><br \/>\n<div id=\"cf7sr-69e5fb93ec3f3\" class=\"cf7sr-g-recaptcha\" data-sitekey=\"6LenxLwUAAAAADwsw5Gm7Gm-zI85hkeXR0SjTYDL\"><\/div><span class=\"wpcf7-form-control-wrap cf7sr-recaptcha\"><input type=\"hidden\" name=\"cf7sr-recaptcha\" value=\"\" class=\"wpcf7-form-control\"><\/span><br \/>\n<input type=\"submit\" value=\"Envoy\u00e9\" class=\"wpcf7-form-control has-spinner wpcf7-submit\" \/><\/p>\n<div class=\"wpcf7-response-output\" aria-hidden=\"true\"><\/div><\/form><\/div><\/div>\n<\/div><\/div>\n<\/div>\n<\/div>\n<\/div>\n<\/div>\n<\/div>\n\n","protected":false},"excerpt":{"rendered":"","protected":false},"author":1,"featured_media":0,"parent":0,"menu_order":0,"comment_status":"closed","ping_status":"closed","template":"","meta":[],"yst_prominent_words":[737,735,721,738,720,736,715,719,717,722,739,733,716,713,700,698,714,734,718,712],"_links":{"self":[{"href":"https:\/\/islashormigas.com\/fr\/wp-json\/wp\/v2\/pages\/14514"}],"collection":[{"href":"https:\/\/islashormigas.com\/fr\/wp-json\/wp\/v2\/pages"}],"about":[{"href":"https:\/\/islashormigas.com\/fr\/wp-json\/wp\/v2\/types\/page"}],"author":[{"embeddable":true,"href":"https:\/\/islashormigas.com\/fr\/wp-json\/wp\/v2\/users\/1"}],"replies":[{"embeddable":true,"href":"https:\/\/islashormigas.com\/fr\/wp-json\/wp\/v2\/comments?post=14514"}],"version-history":[{"count":7,"href":"https:\/\/islashormigas.com\/fr\/wp-json\/wp\/v2\/pages\/14514\/revisions"}],"predecessor-version":[{"id":15095,"href":"https:\/\/islashormigas.com\/fr\/wp-json\/wp\/v2\/pages\/14514\/revisions\/15095"}],"wp:attachment":[{"href":"https:\/\/islashormigas.com\/fr\/wp-json\/wp\/v2\/media?parent=14514"}],"wp:term":[{"taxonomy":"yst_prominent_words","embeddable":true,"href":"https:\/\/islashormigas.com\/fr\/wp-json\/wp\/v2\/yst_prominent_words?post=14514"}],"curies":[{"name":"wp","href":"https:\/\/api.w.org\/{rel}","templated":true}]}}