{"id":14033,"date":"2018-06-01T10:43:46","date_gmt":"2018-06-01T10:43:46","guid":{"rendered":"https:\/\/islashormigas.com\/instalaciones\/"},"modified":"2018-10-16T15:45:17","modified_gmt":"2018-10-16T15:45:17","slug":"installations","status":"publish","type":"page","link":"https:\/\/islashormigas.com\/fr\/installations\/","title":{"rendered":"Installations"},"content":{"rendered":"<div id=\"cmsmasters_row_hqpf34crkr\" class=\"cmsmasters_row cmsmasters_color_scheme_default cmsmasters_row_top_default cmsmasters_row_bot_default cmsmasters_row_fullwidth\">\n<div class=\"cmsmasters_row_outer_parent\">\n<div class=\"cmsmasters_row_outer\">\n<div class=\"cmsmasters_row_inner cmsmasters_row_fullwidth\">\n<div class=\"cmsmasters_row_margin\">\n<div id=\"cmsmasters_column_wntfwtront\" class=\"cmsmasters_column one_first\">\n<div class=\"cmsmasters_column_inner\"><div id=\"google_map_abuettk56\" class=\"cmsmasters_google_map google_map\" data-latitude=\"37.63137713689848\" data-longitude=\"-0.700101897206082\" data-maptype=\"ROADMAP\" data-zoom=\"14\" data-scrollwheel=\"false\" data-doubleclickzoom=\"true\" data-pan-control=\"true\" data-zoom-control=\"true\" data-map-type-control=\"true\" data-scale-control=\"true\" data-street-view-control=\"true\" data-overview-map-control=\"true\" data-markers=\"latitude: 37.63137713689848\/\/\/longitude: -0.700101897206082\/\/\/|||\"><\/div>\n<\/div><\/div>\n<\/div>\n<\/div>\n<\/div>\n<\/div>\n<\/div>\n<div id=\"cmsmasters_row_4z74tdx0ym\" class=\"cmsmasters_row cmsmasters_color_scheme_default cmsmasters_row_top_default cmsmasters_row_bot_default cmsmasters_row_boxed\">\n<div class=\"cmsmasters_row_outer_parent\">\n<div class=\"cmsmasters_row_outer\">\n<div class=\"cmsmasters_row_inner\">\n<div class=\"cmsmasters_row_margin\">\n<div id=\"cmsmasters_column_24ev42o6tk\" class=\"cmsmasters_column one_half\">\n<div class=\"cmsmasters_column_inner\"><div class=\"custom_html\">\n<iframe src=\"https:\/\/www.google.com\/maps\/embed?pb=!4v1527847267315!6m8!1m7!1sCAoSLEFGMVFpcE5FakY2VGlUMXZDZ0FhdnhIdzYtWl9ObndvcUNmVUQ4OWVBMTQz!2m2!1d37.63136515330851!2d-0.6999708035400545!3f302.10419104000175!4f8.254270907264484!5f1.968847406756617\" width=\"600\" height=\"450\" frameborder=\"0\" style=\"border:0\" allowfullscreen><\/iframe>\n<\/div>\n<\/div><\/div>\n<div id=\"cmsmasters_column_g9062wrflt\" class=\"cmsmasters_column one_half\">\n<div class=\"cmsmasters_column_inner\"><div class=\"cmsmasters_text\">\n<p class=\"p1\"><span style=\"color: #333333;\">Ouverts et actifs pendant <b>tous les jours de l\u2019ann\u00e9e<\/b>. Tout est organis\u00e9 depuis notre centre, une ancienne maison de p\u00eacheurs au pied du port. Dans un espace de <b>500m2<\/b>, nous avons des <b>vestiaires, douches, aire de rin\u00e7age, zone humide, location d\u2019\u00e9quipement neufs<\/b>, etc.<\/span><\/p>\n<p class=\"p1\"><span style=\"color: #333333;\">Pour dispenser les formations, nous avons une <b>salle de classe \u00e9quip\u00e9<\/b> avec tout le n\u00e9cessaire, en plus d\u2019une <b>aire de repos avec zone WI-FI<\/b>.<\/span><\/p>\n<p class=\"p1\"><span style=\"color: #333333;\">Dans notre boutique tu peux trouver <b>toute sorte de mat\u00e9riel de plong\u00e9e r\u00e9cr\u00e9ative Cressi-sub et du mat\u00e9riel de plong\u00e9e technique<\/b> des principales marques.<\/span><\/p>\n<p class=\"p1\"><span style=\"color: #333333;\">Bien entendu, les mesures de <b>s\u00e9curit\u00e9<\/b> sont continuellement revues et pr\u00e9par\u00e9es pour toute \u00e9ventualit\u00e9\u00a0: <b>kit complet d\u2019oxyg\u00e9nation et premiers secours dans chaque bateau et dans le centre de plong\u00e9e, contrat avec chambre hyperbare \u00e0 trente minutes du centre, communication entre toutes les embarcations et un plan d\u2019\u00e9vacuation<\/b>.<\/span><\/p>\n<p class=\"p1\"><span style=\"color: #333333;\">Et ce pour quoi tu viens ici, pour <b>plonger<\/b>, nous disposons de bateaux avec une capacit\u00e9 pour <b>44 plongeurs<\/b>, en fonctionnement permanent.<\/span><\/p>\n<\/div>\n<\/div><\/div>\n<\/div>\n<\/div>\n<\/div>\n<\/div>\n<\/div>\n<div id=\"cmsmasters_row_u7vggmoffo\" class=\"cmsmasters_row cmsmasters_color_scheme_default cmsmasters_row_top_default cmsmasters_row_bot_default cmsmasters_row_boxed\">\n<div class=\"cmsmasters_row_outer_parent\">\n<div class=\"cmsmasters_row_outer\">\n<div class=\"cmsmasters_row_inner\">\n<div class=\"cmsmasters_row_margin\">\n<div id=\"cmsmasters_column_u7pgpv1osn\" class=\"cmsmasters_column one_first\">\n<div class=\"cmsmasters_column_inner\"><div id=\"cmsmasters_heading_ishfgija9o\" class=\"cmsmasters_heading_wrap cmsmasters_heading_align_left cmsmasters_heading_divider_long\">\n\t<h2 class=\"cmsmasters_heading\">Nos bateaux<\/h2>\n<span class=\"cmsmasters_heading_divider_right_wrap\"><span class=\"cmsmasters_heading_divider cmsmasters_heading_divider_right\"><\/span><\/span>\n<\/div>\n<\/div><\/div>\n<\/div>\n<\/div>\n<\/div>\n<\/div>\n<\/div>\n<div id=\"cmsmasters_row_hwl7ry6b0q\" class=\"cmsmasters_row cmsmasters_color_scheme_default cmsmasters_row_top_default cmsmasters_row_bot_default cmsmasters_row_boxed\">\n<div class=\"cmsmasters_row_outer_parent\">\n<div class=\"cmsmasters_row_outer\">\n<div class=\"cmsmasters_row_inner\">\n<div class=\"cmsmasters_row_margin\">\n<div id=\"cmsmasters_column_0o7r7mdwmc\" class=\"cmsmasters_column one_fourth\">\n<div class=\"cmsmasters_column_inner\"><div class=\"aligncenter\"><div class=\"cmsmasters_img  cmsmasters_image_c\"><img src=\"https:\/\/islashormigas.com\/wp-content\/uploads\/2018\/06\/astarte-1.jpg\" \/><\/div><\/div>\n<div id=\"cmsmasters_divider_o47cp1i28t\" class=\"cmsmasters_divider cmsmasters_divider_width_long cmsmasters_divider_pos_center\"><\/div>\n<div class=\"cmsmasters_text\">\n<h2><span style=\"color: #000000;\">ASTARTE Conrad 900<\/span><\/h2>\n<p class=\"p1\"><span style=\"color: #333333;\">Longueur 9.30<\/span><\/p>\n<p class=\"p1\"><span style=\"color: #333333;\">Capacit\u00e9 pour 11 plongeurs avec \u00e9quipement et un patron<\/span><\/p>\n<p class=\"p1\"><span style=\"color: #333333;\">Radio VHF.<\/span><\/p>\n<p class=\"p1\"><span style=\"color: #333333;\">Moteur diesel 90Cv.<\/span><\/p>\n<p class=\"p1\"><span style=\"color: #333333;\">Equipement d\u2019oxyg\u00e9nation<\/span><\/p>\n<p class=\"p1\"><span style=\"color: #333333;\">Porte bouteilles<\/span><\/p>\n<p class=\"p1\"><span style=\"color: #333333;\">Echelle<\/span><\/p>\n<p class=\"p1\"><span style=\"color: #333333;\">Sonde avec GPS<\/span><\/p>\n<\/div>\n<\/div><\/div>\n<div id=\"cmsmasters_column_gbm63wx53n\" class=\"cmsmasters_column one_fourth\">\n<div class=\"cmsmasters_column_inner\"><div class=\"aligncenter\"><div class=\"cmsmasters_img  cmsmasters_image_c\"><img src=\"https:\/\/islashormigas.com\/wp-content\/uploads\/2018\/06\/aura.jpg\" \/><\/div><\/div>\n<div id=\"cmsmasters_divider_hvej1ibpve\" class=\"cmsmasters_divider cmsmasters_divider_width_long cmsmasters_divider_pos_center\"><\/div>\n<div class=\"cmsmasters_text\">\n<h2><span style=\"color: #000000;\">AURA Valiant 7.50 m.\u00a0<\/span><\/h2>\n<p class=\"p1\"><span style=\"color: #333333;\">Longueur 7.30<\/span><\/p>\n<p class=\"p1\"><span style=\"color: #333333;\">Capacit\u00e9 pour 11 plongeurs avec \u00e9quipement et un patron<\/span><\/p>\n<p class=\"p1\"><span style=\"color: #333333;\">Radio VHF.<\/span><\/p>\n<p class=\"p1\"><span style=\"color: #333333;\">Moteur Yamaha 4T \u2013 225 cv.<\/span><\/p>\n<p class=\"p1\"><span style=\"color: #333333;\">Equipement d\u2019oxyg\u00e9nation<\/span><\/p>\n<p class=\"p1\"><span style=\"color: #333333;\">Porte bouteilles<\/span><\/p>\n<p class=\"p1\"><span style=\"color: #333333;\">Echelle<\/span><\/p>\n<p class=\"p1\"><span style=\"color: #333333;\">Sonde avec GPS<\/span><\/p>\n<p class=\"p3\">\n<\/div>\n\n<div class=\"cmsmasters_text\">\n<p>&nbsp;<\/p>\n<\/div>\n<div class=\"cmsmasters_text\">\n<p>&nbsp;<\/p>\n<\/div>\n<div class=\"cmsmasters_text\">\n<p>&nbsp;<\/p>\n<\/div>\n<\/div><\/div>\n<div id=\"cmsmasters_column_8eybam46y8\" class=\"cmsmasters_column one_fourth\">\n<div class=\"cmsmasters_column_inner\"><div class=\"aligncenter\"><div class=\"cmsmasters_img  cmsmasters_image_c\"><img src=\"https:\/\/islashormigas.com\/wp-content\/uploads\/2018\/06\/doblon.jpg\" \/><\/div><\/div>\n<div id=\"cmsmasters_divider_of7yfy6unt\" class=\"cmsmasters_divider cmsmasters_divider_width_long cmsmasters_divider_pos_center\"><\/div>\n<div class=\"cmsmasters_text\">\n<h2><span style=\"color: #000000;\">DOBLON BWA 7.50m<\/span><\/h2>\n<p><span style=\"color: #000000;\">\u00a0<\/span><span style=\"color: #333333;\">Longueur 7.30<\/span><\/p>\n<p class=\"p1\"><span style=\"color: #333333;\">Capacit\u00e9 pour 11 plongeurs avec \u00e9quipement et un patron<\/span><\/p>\n<p class=\"p1\"><span style=\"color: #333333;\">Radio VHF.<\/span><\/p>\n<p class=\"p1\"><span style=\"color: #333333;\">Moteur Yamaha 4T \u2013 200 cv.<\/span><\/p>\n<p class=\"p1\"><span style=\"color: #333333;\">Equipement d\u2019oxyg\u00e9nation<\/span><\/p>\n<p class=\"p1\"><span style=\"color: #333333;\">Porte bouteilles<\/span><\/p>\n<p class=\"p1\"><span style=\"color: #333333;\">Echelle<\/span><\/p>\n<p class=\"p1\"><span style=\"color: #333333;\">Sonde avec GPS<\/span><\/p>\n<\/div>\n<\/div><\/div>\n<div id=\"cmsmasters_column_17xklk5a1\" class=\"cmsmasters_column one_fourth\">\n<div class=\"cmsmasters_column_inner\"><div class=\"aligncenter\"><div class=\"cmsmasters_img  cmsmasters_image_c\"><img src=\"https:\/\/islashormigas.com\/wp-content\/uploads\/2018\/06\/acho.jpg\" \/><\/div><\/div>\n<div id=\"cmsmasters_divider_08f9ju2oo7\" class=\"cmsmasters_divider cmsmasters_divider_width_long cmsmasters_divider_pos_center\"><\/div>\n<div class=\"cmsmasters_text\">\n<h2><span style=\"color: #000000;\">ACHO Vanguard 8.60m<\/span><\/h2>\n<p><span style=\"color: #000000;\">\u00a0<\/span><span style=\"color: #333333;\">Longueur 8.30<\/span><\/p>\n<p class=\"p1\"><span style=\"color: #333333;\">Capacit\u00e9 pour 11 plongeurs avec \u00e9quipement et un patron<\/span><\/p>\n<p class=\"p1\"><span style=\"color: #333333;\">Radio VHF.<\/span><\/p>\n<p class=\"p1\"><span style=\"color: #333333;\">Moteur Yamaha 4T \u2013 300 cv.<\/span><\/p>\n<p class=\"p1\"><span style=\"color: #333333;\">Equipement d\u2019oxyg\u00e9nation<\/span><\/p>\n<p class=\"p1\"><span style=\"color: #333333;\">Porte bouteilles<\/span><\/p>\n<p class=\"p1\"><span style=\"color: #333333;\">Echelle<\/span><\/p>\n<p class=\"p1\"><span style=\"color: #333333;\">Sonde avec GPS<\/span><\/p>\n<\/div>\n<\/div><\/div>\n<\/div>\n<\/div>\n<\/div>\n<\/div>\n<\/div>\n\n","protected":false},"excerpt":{"rendered":"","protected":false},"author":1,"featured_media":0,"parent":0,"menu_order":0,"comment_status":"closed","ping_status":"closed","template":"","meta":[],"yst_prominent_words":[],"_links":{"self":[{"href":"https:\/\/islashormigas.com\/fr\/wp-json\/wp\/v2\/pages\/14033"}],"collection":[{"href":"https:\/\/islashormigas.com\/fr\/wp-json\/wp\/v2\/pages"}],"about":[{"href":"https:\/\/islashormigas.com\/fr\/wp-json\/wp\/v2\/types\/page"}],"author":[{"embeddable":true,"href":"https:\/\/islashormigas.com\/fr\/wp-json\/wp\/v2\/users\/1"}],"replies":[{"embeddable":true,"href":"https:\/\/islashormigas.com\/fr\/wp-json\/wp\/v2\/comments?post=14033"}],"version-history":[{"count":6,"href":"https:\/\/islashormigas.com\/fr\/wp-json\/wp\/v2\/pages\/14033\/revisions"}],"predecessor-version":[{"id":14065,"href":"https:\/\/islashormigas.com\/fr\/wp-json\/wp\/v2\/pages\/14033\/revisions\/14065"}],"wp:attachment":[{"href":"https:\/\/islashormigas.com\/fr\/wp-json\/wp\/v2\/media?parent=14033"}],"wp:term":[{"taxonomy":"yst_prominent_words","embeddable":true,"href":"https:\/\/islashormigas.com\/fr\/wp-json\/wp\/v2\/yst_prominent_words?post=14033"}],"curies":[{"name":"wp","href":"https:\/\/api.w.org\/{rel}","templated":true}]}}