{"id":14740,"date":"2018-09-25T09:49:44","date_gmt":"2018-09-25T09:49:44","guid":{"rendered":"https:\/\/islashormigas.com\/aviso-legal\/"},"modified":"2020-11-04T09:50:22","modified_gmt":"2020-11-04T09:50:22","slug":"aviso-legal","status":"publish","type":"page","link":"https:\/\/islashormigas.com\/en\/aviso-legal\/","title":{"rendered":"Pol\u00edtica de privacidad y aviso legal"},"content":{"rendered":"<p><strong>Informaci\u00f3n del titular de la web<\/strong><\/p>\n<p>J.F.J DIVING LA MANGA, S.L con CIF B30822845 con domicilio en PASEO DE LA BARRA 15, CABO DE<br \/>\nPALOS (MURCIA), 30370 y mail de comunicaciones ISLASHORMIGAS@ISLASHORMIGAS.COM.<br \/>\nDatos de inscripci\u00f3n en el Registro Mercantil de Murcia: Tomo 2581, Folio 56, Hoja MU-66183.<\/p>\n<p><strong>Responsable de protecci\u00f3n de datos<\/strong><\/p>\n<p>El titular es el responsable de los datos personales que son recabados por la navegaci\u00f3n y uso de esta<br \/>\nweb conforme a los requisitos establecidos por el REGLAMENTO (UE) 2016\/679 relativo a la protecci\u00f3n<br \/>\nde datos de las personas f\u00edsicas as\u00ed como conforme a la Ley 34\/2002 de 11 de julio de Servicios de<br \/>\nla Sociedad de la Informaci\u00f3n y del Comercio Electr\u00f3nico (LSSI-CE) .<br \/>\nAl utilizar este sitio web entendemos que ha le\u00eddo y comprendido la informaci\u00f3n que se expone en<br \/>\nrelaci\u00f3n con el tratamiento de sus datos de car\u00e1cter personal.<\/p>\n<p><strong>Pol\u00edtica de protecci\u00f3n de datos<\/strong><\/p>\n<p>El responsable aplica el principio de responsabilidad activa en el tratamiento de los datos de car\u00e1cter<br \/>\npersonal, manteniendo una constante puesta al d\u00eda y una promoci\u00f3n de la mejora continua del sistema<br \/>\nde protecci\u00f3n de datos conforme a los requisitos legales exigibles, garantizando en todo caso:<br \/>\n* el respeto a las libertades y los derechos fundamentales de las personas f\u00edsicas<br \/>\n* que los datos son tratados de manera l\u00edcita, leal y transparente<br \/>\n* que los datos tratados son exactos, adecuados, pertinentes y limitados en relaci\u00f3n con los fines para los<br \/>\nque son recogidos<br \/>\n* que los fines para los que son recogidos son expl\u00edcitos y leg\u00edtimos y que no son tratados de manera<br \/>\nincompatible con dichos fines<br \/>\nLa finalidad de este documento es informar a los usuarios sobre qu\u00e9 hacemos con sus datos personales,<br \/>\nc\u00f3mo se recaban, para qu\u00e9 se utilizan, los derechos que les asisten as\u00ed como toda la informaci\u00f3n<br \/>\nlegal necesaria establecida por la normativa vigente.<\/p>\n<p><strong>Datos recabados, finalidad y licitud<\/strong><\/p>\n<p>Los datos de car\u00e1cter personal tratados son los aportados por los usuarios a trav\u00e9s de los formularios<br \/>\ndisponibles en este sitio web y son los m\u00ednimos exigibles para poder:<br \/>\n*enviarle informaci\u00f3n sobre nuestros productos \/ servicios<br \/>\n*atender consultas.<br \/>\n*tramitar pedidos, as\u00ed como poder elaborar las facturas correspondientes, informar sobre el estado de los<br \/>\npedidos, atender reclamaciones y cualquier otra gesti\u00f3n derivada de la prestaci\u00f3n del servicio realizado a<br \/>\ntrav\u00e9s de este sitio web<br \/>\nDichas finalidades est\u00e1n basadas en principios legales de tratamiento de los datos recogidos por la<br \/>\nnormativa vigente: para la ejecuci\u00f3n de un contrato o la prestaci\u00f3n de un servicio a los usuarios, para el<br \/>\ncumplimiento de obligaciones legales, por el inter\u00e9s leg\u00edtimo y con el consentimiento de los usuarios.<\/p>\n<p><strong>Formularios web<\/strong><\/p>\n<p>Los datos personales recabados a trav\u00e9s del formulario web de contacto se usan para poder atender<br \/>\ncualquier consulta que el usuario realice a trav\u00e9s del mismo.<br \/>\nLos datos personales recabados en el formulario de pedidos tienen la finalidad de tratar los datos<br \/>\nnecesarios para la correcta gesti\u00f3n de sus pedidos.<br \/>\nEl tratamiento de los datos est\u00e1 legitimado por el consentimiento que usted nos presta al aceptar<br \/>\nexpresamente las condiciones del tratamiento informadas a trav\u00e9s de esta pol\u00edtica de privacidad.<\/p>\n<p><strong>Destinatarios de los datos<\/strong><\/p>\n<p>Los datos de car\u00e1cter personal obtenidos a trav\u00e9s de los formularios web son registrados y conservados<br \/>\nen soportes electr\u00f3nicos controlados y supervisados por el responsable del tratamiento.<br \/>\nSus datos personales no ser\u00e1n comunicados a terceros, con la salvedad de que dicha comunicaci\u00f3n de<br \/>\ndatos est\u00e9 amparada en una obligaci\u00f3n legal o cuando para la correcta prestaci\u00f3n del servicio o la<br \/>\nejecuci\u00f3n del contrato sea necesario comunicar sus datos a otros responsables como pueden ser otras<br \/>\nempresas del grupo o encargados del tratamiento que participen en la prestaci\u00f3n del servicio<br \/>\n(transportistas por ejemplo).<br \/>\nPara los casos en los que la comunicaci\u00f3n de datos a terceros no est\u00e9 amparada en las bases legales<br \/>\nestablecidas en el apartado anterior, la comunicaci\u00f3n de datos a otros destinatarios s\u00f3lo se realizar\u00e1 si<br \/>\nel usuario ha dado su consentimiento expreso.<br \/>\nSe mantienen unos criterios estrictos de selecci\u00f3n de encargados de tratamiento y el compromiso<br \/>\ncontractual con cada uno de ellos para cumplir y hacer cumplir las obligaciones establecidas en materia de<br \/>\nprotecci\u00f3n de datos<br \/>\nEn el caso de que existan transferencias internacionales de datos J.F.J DIVING LA MANGA, S.L<br \/>\ngarantizar\u00e1 que la transferencia de sus datos personales se realiza de conformidad con las leyes de<br \/>\nprivacidad aplicables y, en particular, que se apliquen las medidas contractuales, t\u00e9cnicas y organizativas<br \/>\nnecesarias, como las cla\u00fasulas contractuales est\u00e1ndar aprobadas por la Comisi\u00f3n Europea\u201d<br \/>\nPuede obtener m\u00e1s informaci\u00f3n sobre el tratamiento de los datos personales de nuestra organizaci\u00f3n<br \/>\nsolicit\u00e1ndola en el mail: ISLASHORMIGAS@ISLASHORMIGAS.COM o accediendo a trav\u00e9s del<br \/>\nsiguiente enlace:<\/p>\n<p><img loading=\"lazy\" class=\"size-full wp-image-14728 aligncenter\" src=\"https:\/\/islashormigas.com\/wp-content\/uploads\/2020\/10\/enlace.png\" alt=\"\" width=\"136\" height=\"136\" srcset=\"https:\/\/islashormigas.com\/wp-content\/uploads\/2020\/10\/enlace.png 136w, https:\/\/islashormigas.com\/wp-content\/uploads\/2020\/10\/enlace-65x65.png 65w, https:\/\/islashormigas.com\/wp-content\/uploads\/2020\/10\/enlace-100x100.png 100w\" sizes=\"(max-width: 136px) 100vw, 136px\" \/><\/p>\n<p>https:\/\/www.accesousuario.com\/protecciondedatos\/rgpd\/informacion_consentimientoAPI.php?codEmpresa=30243<\/p>\n<p><strong>Medidas t\u00e9cnicas y organizativas de protecci\u00f3n de datos<\/strong><\/p>\n<p>Los soportes cuentan con las medidas t\u00e9cnicas y organizativas necesarias que garantizan la<br \/>\nconfidencialidad y la conservaci\u00f3n de los datos personales obtenidos a trav\u00e9s de la web.<br \/>\nLos datos personales recabados desde la web son tratados mediante protocolo HTML con certificado SSL<br \/>\nv\u00e1lido.<br \/>\nEl personal implicado en las operaciones de tratamiento de datos: acceso, edici\u00f3n, borrado, etc\u2026 est\u00e1<br \/>\ncapacitado para ello, formado y comprometido con esta pol\u00edtica de protecci\u00f3n de datos.<\/p>\n<p><strong>Conservaci\u00f3n de los datos<\/strong><\/p>\n<p>Los datos de car\u00e1cter personal obtenidos a trav\u00e9s del formulario de contacto ser\u00e1n conservados el<br \/>\ntiempo necesario para atender la solicitud\/consulta realizada.<br \/>\nLos datos de car\u00e1cter personal obtenidos a trav\u00e9s del formulario de pedidos ser\u00e1n conservados<br \/>\nmientras exista una relaci\u00f3n contractual y\/o comercial con usted o mientras usted no ejerza su derecho de<br \/>\nsupresi\u00f3n, cancelaci\u00f3n y\/o limitaci\u00f3n del tratamiento de sus datos.<br \/>\nVencida la relaci\u00f3n contractual mantendremos la informaci\u00f3n debidamente bloqueada, sin darle ning\u00fan<br \/>\nuso, mientras pueda ser necesaria para el ejercicio o defensa de reclamaciones o pueda derivarse alg\u00fan<br \/>\ntipo de responsabilidad judicial, legal o contractual de su tratamiento, que deba ser atendida y para lo cual<br \/>\nsea necesaria su recuperaci\u00f3n.<br \/>\nEn caso que haya aceptado expresamente el env\u00edo de informaci\u00f3n comercial conservaremos sus datos<br \/>\nde contacto hasta que usted nos comunique su decisi\u00f3n de anular dichos env\u00edos comerciales.<\/p>\n<p><strong>Delegado de Protecci\u00f3n de datos<\/strong><\/p>\n<p>El delegado de protecci\u00f3n de datos es JUAN CARLOS RODRIGUEZ NUNEZ. Puede contactar con el<br \/>\ndelegado en DPD@CONSULTORIACDC.ES.<br \/>\nEl Delegado de Protecci\u00f3n de datos es el encargado de velar por el cumplimiento de la normativa de<br \/>\nprotecci\u00f3n de datos, a fin de resolver las dudas sobre la pol\u00edtica de privacidad y hacer consultar sobre el<br \/>\ntratamiento de los datos personales. Igualmente hay que contactar con \u00e9l para presentar reclamaciones<br \/>\nrelativas al tratamiento de los datos personales as\u00ed como para el ejercicio de los derechos reconocidos a<br \/>\nlos interesados respecto a sus datos personales.<\/p>\n<p><strong>Informaci\u00f3n sobre la existencia de decisiones automatizadas ( incluida la elaboraci\u00f3n de perfiles)<\/strong><\/p>\n<p>Normalmente no adoptamos decisiones autom\u00e1ticas, pero cuanto lo hagamos dejaremos claro que se<br \/>\nest\u00e1 adoptando ese tipo de decisi\u00f3n. No obstante, J.F.J DIVING LA MANGA, S.L recoge varios<br \/>\napartados dedicados a la personalizaci\u00f3n de servicios a fin de mostrar publicidad personalizada al<br \/>\ningresar en su sitio Web y tambi\u00e9n para el env\u00edo de comunicaciones personalizadas.<br \/>\nJ.F.J DIVING LA MANGA, S.L reconoce la posibilidad de la realizaci\u00f3n de perfiles para mejorar su oferta<br \/>\nde productos o personalizar el env\u00edo de ofertas comerciales o dar un trato m\u00e1s personalizado al cliente<br \/>\nOposici\u00f3n a que los datos sean tratados con fines publicitarios<br \/>\nSi diste tu consentimiento para que utilizaran tus datos con fines publicitarios y no deseas seguir<br \/>\nrecibiendo publicidad, puedes revocar el consentimiento prestado en cualquier momento y a trav\u00e9s del<br \/>\nenv\u00edo de un correo electr\u00f3nico a mail del responsableISLASHORMIGAS@ISLASHORMIGAS.COM<\/p>\n<p><strong>Cambios en la Pol\u00edtica de Privacidad<\/strong><\/p>\n<p>Es posible que modifiquemos la informaci\u00f3n contenida en esta Pol\u00edtica de Privacidad y Cookies cuando<br \/>\nlo estimemos conveniente. En caso de que lo hagamos, te lo notificaremos por distintas v\u00edas a trav\u00e9s<br \/>\nde la Plataforma (por ejemplo, a trav\u00e9s de un banner, un pop-up o una notificaci\u00f3n push), o incluso te lo<br \/>\ncomunicaremos a tu direcci\u00f3n de correo electr\u00f3nico cuando el cambio en cuesti\u00f3n sea significativo para<br \/>\ncon tu privacidad, de manera que puedas revisar los cambios, valorarlos y, en su caso, oponerte o darte de<br \/>\nbaja en alg\u00fan servicio o funcionalidad. En cualquier caso, te sugerimos que revises esta Pol\u00edtica de<br \/>\nPrivacidad y Cookies de vez en cuando por si hubiera cambios menores o introducimos alguna mejora<br \/>\ninteractiva.<\/p>\n<p><strong>AVISO LEGAL<\/strong><\/p>\n<p><strong>Propiedad intelectual e industrial<\/strong><\/p>\n<p>El dise\u00f1o del portal y sus c\u00f3digos fuente, as\u00ed como los logos, marcas y dem\u00e1s signos distintivos que<br \/>\naparecen en el mismo pertenecen a (J.F.J DIVING LA MANGA, S.L) y est\u00e1n protegidos por los<br \/>\ncorrespondientes derechos de propiedad intelectual e industrial<\/p>\n<p><strong>Responsabilidad de los contenidos<\/strong><\/p>\n<p>J.F.J DIVING LA MANGA, S.L no se hace responsable de la legalidad de otros sitios web de terceros<br \/>\ndesde los que pueda accederse al portal. Tampoco responde por la legalidad de otros sitios web de<br \/>\nterceros, que pudieran estar vinculados o enlazados desde este portal.<\/p>\n<p>J.F.J DIVING LA MANGA, S.L no ser\u00e1 responsable del uso que terceros hagan de la informaci\u00f3n<br \/>\npublicada en el portal, ni tampoco de los da\u00f1os sufridos o p\u00e9rdidas econ\u00f3micas que, de forma directa<br \/>\no indirecta, produzcan o puedan producir perjuicios econ\u00f3micos, materiales o sobre datos, provocados<br \/>\npor el uso de dicha informaci\u00f3n.<\/p>\n<p><strong>Reproducci\u00f3n de contenidos<\/strong><\/p>\n<p>En virtud de lo dispuesto en la Ley de Propiedad Intelectual quedan expresamente prohibidas la<br \/>\nreproducci\u00f3n, la distribuci\u00f3n y la comunicaci\u00f3n p\u00fablica de la totalidad o parte de los contenidos de esta<br \/>\np\u00e1gina web, con fines comerciales en cualquier soporte, y por cualquier medio t\u00e9cnico, sin la<\/p>\n<p><strong>Ley aplicable<\/strong><\/p>\n<p>J.F.J DIVING LA MANGA, S.L se reserva la facultad de presentar las acciones civiles o penales que<br \/>\nconsidere necesaria por la utilizaci\u00f3n indebida del sitio Web y contenidos, o por el incumplimiento de las<br \/>\npresentes condiciones.<br \/>\nLa relaci\u00f3n entre el usuario y J.F.J DIVING LA MANGA, S.L se regir\u00e1 por la normativa vigente y de<br \/>\naplicaci\u00f3n en el territorio nacional. De surgir cualquier controversia en relaci\u00f3n a la interpretaci\u00f3n y\/o a<br \/>\nla aplicaci\u00f3n de estas condiciones, las partes someter\u00e1n los conflictos a la jurisdicci\u00f3n ordinaria,<br \/>\nsometi\u00e9ndose a los Jueces y Tribunales que correspondan conforme a Derecho.<br \/>\nAs\u00ed mismo le informamos que dispone de un procedimiento de resoluci\u00f3n extrajudicial de controversias<br \/>\ngratuito y accesible a todos los ciudadanos, se trata de la plataforma de resoluci\u00f3n de litigios en l\u00ednea de<br \/>\nla Uni\u00f3n Europea, accesible a trav\u00e9s del siguiente enlace<br \/>\nhttps:\/\/ec.europa.eu\/consumers\/odr\/main\/?event=main.home2.show<\/p>\n<p><strong>Cookies<\/strong><\/p>\n<p>En el caso de emplear tecnolog\u00eda \u201ccookie\u201d en la web, dispone de un apartado concreto que le<br \/>\ninforma sobre su existencia as\u00ed como de su pol\u00edtica de uso. Consulte el apartado \u201cpol\u00edtica de<br \/>\ncookies\u201d.<br \/>\nEn caso contrario, no se emplean cookies de navegaci\u00f3n.<\/p>\n<p><strong>Ejercicio de los derechos de protecci\u00f3n de datos<\/strong><\/p>\n<p>Para el ejercicio de los derechos deber\u00e1 identificarse mediante la presentaci\u00f3n de su DNI.<br \/>\nPara cualquier reclamaci\u00f3n puede dirigirse al mismo correo indicado. Igualmente podr\u00e1 dirigirse a la<br \/>\nAgencia Espa\u00f1ola de Protecci\u00f3n de Datos: <a href=\"https:\/\/www.aepd.es\/es\">www.aepd.es<\/a><\/p>\n","protected":false},"excerpt":{"rendered":"<p>Informaci\u00f3n del titular de la web J.F.J DIVING LA MANGA, S.L con CIF B30822845 con domicilio en PASEO DE LA BARRA 15, CABO DE PALOS (MURCIA), 30370 y mail de comunicaciones ISLASHORMIGAS@ISLASHORMIGAS.COM. Datos de inscripci\u00f3n en el Registro Mercantil de Murcia: Tomo 2581, Folio 56, Hoja MU-66183. Responsable de protecci\u00f3n de datos El titular es&#8230;<\/p>\n","protected":false},"author":1,"featured_media":0,"parent":0,"menu_order":0,"comment_status":"closed","ping_status":"closed","template":"","meta":[],"yst_prominent_words":[],"_links":{"self":[{"href":"https:\/\/islashormigas.com\/en\/wp-json\/wp\/v2\/pages\/14740"}],"collection":[{"href":"https:\/\/islashormigas.com\/en\/wp-json\/wp\/v2\/pages"}],"about":[{"href":"https:\/\/islashormigas.com\/en\/wp-json\/wp\/v2\/types\/page"}],"author":[{"embeddable":true,"href":"https:\/\/islashormigas.com\/en\/wp-json\/wp\/v2\/users\/1"}],"replies":[{"embeddable":true,"href":"https:\/\/islashormigas.com\/en\/wp-json\/wp\/v2\/comments?post=14740"}],"version-history":[{"count":1,"href":"https:\/\/islashormigas.com\/en\/wp-json\/wp\/v2\/pages\/14740\/revisions"}],"predecessor-version":[{"id":14747,"href":"https:\/\/islashormigas.com\/en\/wp-json\/wp\/v2\/pages\/14740\/revisions\/14747"}],"wp:attachment":[{"href":"https:\/\/islashormigas.com\/en\/wp-json\/wp\/v2\/media?parent=14740"}],"wp:term":[{"taxonomy":"yst_prominent_words","embeddable":true,"href":"https:\/\/islashormigas.com\/en\/wp-json\/wp\/v2\/yst_prominent_words?post=14740"}],"curies":[{"name":"wp","href":"https:\/\/api.w.org\/{rel}","templated":true}]}}